{"id":2831,"date":"2018-04-11T18:57:43","date_gmt":"2018-04-11T16:57:43","guid":{"rendered":"https:\/\/c-p-s.de\/company\/who-are-we\/"},"modified":"2018-10-22T13:05:56","modified_gmt":"2018-10-22T11:05:56","slug":"guanyu-women","status":"publish","type":"page","link":"https:\/\/c-p-s.de\/zh-hans\/gongsi\/guanyu-women\/","title":{"rendered":"Gu\u0101ny\u00fa w\u01d2men"},"content":{"rendered":"<p><div class=\"fusion-fullwidth fullwidth-box fusion-builder-row-1 hundred-percent-fullwidth non-hundred-percent-height-scrolling\" style=\"--awb-border-radius-top-left:0px;--awb-border-radius-top-right:0px;--awb-border-radius-bottom-right:0px;--awb-border-radius-bottom-left:0px;--awb-padding-top:0px;--awb-padding-right:0px;--awb-padding-bottom:0px;--awb-padding-left:0px;--awb-background-color:#46535a;--awb-flex-wrap:wrap;\" ><div class=\"fusion-builder-row fusion-row\"><div class=\"fusion-layout-column fusion_builder_column fusion-builder-column-0 fusion_builder_column_1_1 1_1 fusion-one-full fusion-column-first fusion-column-last\" style=\"--awb-bg-size:cover;\"><div class=\"fusion-column-wrapper fusion-flex-column-wrapper-legacy\"><div id=\"fancyslider\" class=\"carousel slide fancyslider fancy-slider\" data-ride=\"false\"><div class=\"carousel-inner\" role=\"listbox\"><div class=\"item  active\"><div class=\"fancysliderimage\"><img decoding=\"async\" src=\"https:\/\/c-p-s.de\/wp-content\/uploads\/2018\/08\/Grafiken_Header_Wer-weir-sind-1.jpg\" alt=\"\" \/><\/div><div class=\"carousel-caption\"><div class=\"carousel-caption-inner\"><p><strong><span class=\"highlight teasersmall uppercase\"><h1 style=\"color:#abb148;font-size:16px;line-height: 20px;\">\u95dc\u65bc\u6211\u5011<\/h1><\/span><\/strong><\/p><div class=\"slider-title\"><span class=\"whitetxt\">\u613f\u666f\u59cb\u7ec8\u63a8\u52a8\u7740\u6211\u4eec\u524d\u8fdb \u5458\u5de5\u662f\u6211\u4eec\u613f\u666f\u7684\u6839\u57fa<\/span><\/div><div class=\"fusion-fullwidth fullwidth-box fusion-builder-row-1-1 nonhundred-percent-fullwidth non-hundred-percent-height-scrolling\" style=\"--awb-border-radius-top-left:0px;--awb-border-radius-top-right:0px;--awb-border-radius-bottom-right:0px;--awb-border-radius-bottom-left:0px;--awb-flex-wrap:wrap;\" ><div class=\"fusion-builder-row fusion-row\"><div class=\"fusion-layout-column fusion_builder_column fusion-builder-column-1 fusion_builder_column_1_1 1_1 fusion-one-full fusion-column-first fusion-column-last\" style=\"--awb-bg-size:cover;\"><div class=\"fusion-column-wrapper fusion-flex-column-wrapper-legacy\"><div class=\"fusion-text fusion-text-1\"><p>C-P-S\u96c6\u56e2\u662f\u4e00\u5bb6\u72ec\u7acb\u7684\u3001\u7531\u4e1a\u4e3b\u76f4\u63a5\u7ba1\u7406\u7684\u4e2d\u578b\u4f01\u4e1a\uff0c\u4e3b\u8981\u670d\u52a1\u5bf9\u8c61\u662f\u6c7d\u8f66\u884c\u4e1a\u548c\u8bbe\u5907\u5236\u9020\u4f01\u4e1a\u300237\u5e74\u6765\uff0c\u6211\u4eec\u6210\u529f\u5730\u5728\u5de5\u5382\u3001\u751f\u4ea7\u548c\u7269\u6d41\u89c4\u5212\u9886\u57df\u5b8c\u6210\u4e86\u5404\u9879\u8de8\u56fd\u9879\u76ee\u3002<\/p>\n<\/div><div class=\"fusion-clearfix\"><\/div><\/div><\/div><\/div><\/div><\/div><\/div><\/div><\/div><\/div><div class=\"fusion-clearfix\"><\/div><\/div><\/div><\/div><\/div><div class=\"fusion-fullwidth fullwidth-box fusion-builder-row-2 nonhundred-percent-fullwidth non-hundred-percent-height-scrolling\" style=\"--awb-border-radius-top-left:0px;--awb-border-radius-top-right:0px;--awb-border-radius-bottom-right:0px;--awb-border-radius-bottom-left:0px;--awb-padding-top:100px;--awb-padding-bottom:100px;--awb-flex-wrap:wrap;\" ><div class=\"fusion-builder-row fusion-row\"><div class=\"fusion-layout-column fusion_builder_column fusion-builder-column-2 fusion_builder_column_1_1 1_1 fusion-one-full fusion-column-first fusion-column-last\" style=\"--awb-bg-size:cover;\"><div class=\"fusion-column-wrapper fusion-flex-column-wrapper-legacy\"><div class=\"fusion-title title fusion-title-1 fusion-sep-none fusion-title-text fusion-title-size-two\" style=\"--awb-margin-top:0px;--awb-margin-bottom:40px;\"><h2 class=\"fusion-title-heading title-heading-left fusion-responsive-typography-calculated\" style=\"margin:0;--fontSize:35;line-height:1.29;\">\u6211\u4eec\u662f\u8c01\uff1f<\/h2><\/div><div class=\"fusion-text fusion-text-2\"><p>CPS\u96c6\u56e2\u662f\u4e00\u5bb6\u72ec\u7acb\u7684\uff0c\u7531\u4e1a\u4e3b\u7ba1\u7406\u7684\u4e2d\u578b\u516c\u53f8\uff0c\u4e13\u6ce8\u4e8e\u6c7d\u8f66\u884c\u4e1a\u548c\u5de5\u5382\u5efa\u8bbe\u516c\u53f8\u300230\u591a\u5e74\u6765\uff0c\u6211\u4eec\u6210\u529f\u5730\u5728\u5de5\u5382\uff0c\u751f\u4ea7\u548c\u7269\u6d41\u89c4\u5212\u9886\u57df\u5f00\u5c55\u4e86\u56fd\u9645\u9879\u76ee\u3002\u901a\u8fc7\u660e\u786e\u5173\u6ce8\u8fd9\u4e9b\u6280\u672f\u54a8\u8be2\u548c\u670d\u52a1\uff0c\u6211\u4eec\u5728\u589e\u52a0\u9879\u76ee\u5916\u5305\u7684\u80cc\u666f\u4e0b\uff0c\u5efa\u7acb\u4e86\u5ba2\u6237\u975e\u5e38\u6b23\u8d4f\u7684\u4e13\u4e1a\u77e5\u8bc6\u548c\u65b9\u6cd5\u77e5\u8bc6\u3002<\/p>\n<p>\u4f5c\u4e3a\u4e00\u5bb6\u4e2d\u7b49\u89c4\u6a21\u7684\u516c\u53f8\uff0c\u6211\u4eec\u4fdd\u6301\u7075\u6d3b\u6027\u3002\u8fd9\u610f\u5473\u7740\u5728\u5fc5\u8981\u65f6\uff0c\u6211\u4eec\u53ef\u4ee5\u5feb\u901f\u76f4\u89c2\u5730\u505a\u51fa\u6b63\u786e\u7684\u51b3\u7b56\u3002<\/p>\n<\/div><div class=\"fusion-sep-clear\"><\/div><div class=\"fusion-separator fusion-full-width-sep\" style=\"margin-left: auto;margin-right: auto;margin-top:0px;margin-bottom:30px;width:100%;\"><\/div><div class=\"fusion-sep-clear\"><\/div><div class=\"fusion-clearfix\"><\/div><\/div><\/div><div class=\"fusion-layout-column fusion_builder_column fusion-builder-column-3 fusion_builder_column_1_1 1_1 fusion-one-full fusion-column-first fusion-column-last fusion-animated\" style=\"--awb-bg-size:cover;\" data-animationType=\"fadeInUp\" data-animationDuration=\"0.5\" data-animationOffset=\"top-mid-of-view\"><div class=\"fusion-column-wrapper fusion-flex-column-wrapper-legacy\"><div class=\"fusion-title title fusion-title-2 fusion-sep-none fusion-title-text fusion-title-size-two\" style=\"--awb-margin-top:0px;--awb-margin-bottom:40px;\"><h2 class=\"fusion-title-heading title-heading-left fusion-responsive-typography-calculated\" style=\"margin:0;--fontSize:35;line-height:1.29;\">\u6211\u4eec\u5982\u4f55\u5de5\u4f5c\uff1f<\/h2><\/div><div class=\"fusion-text fusion-text-3\"><p>\u6211\u4eec\u7684\u4f01\u4e1a\u6587\u5316\u662f\u4ee5\u4ef7\u503c\u4e3a\u5bfc\u5411\uff0c\u5efa\u7acb\u5728\u76f8\u4e92\u5c0a\u91cd\u548c\u516c\u5e73\u4ea4\u5f80\u4ee5\u53ca\u76f8\u4e92\u4fe1\u4efb\u7684\u57fa\u7840\u4e0a\u3002\u4f46\u662f\u6211\u4eec\u628a\u5c3d\u53ef\u80fd\u591a\u7684\u5f3a\u8c03\u4e2a\u4eba\u8d23\u4efb\u611f\uff0c\u7eaa\u5f8b\u6027\u548c\u53ef\u9760\u6027\uff0c\u4ee5\u53ca\u4e13\u4e1a\u89e3\u51b3\u51b2\u7a81\u3002\u6211\u4eec\u5bf9\u5168\u5c40\u7684\u8d23\u4efb\u611f &#8211; \u5ba2\u6237\uff0c\u5458\u5de5\uff0c\u5408\u4f5c\u4f19\u4f34\u548c\u4f9b\u5e94\u5546\u7684\u6ee1\u610f\u5ea6 &#8211; \u8d85\u51fa\u4e86\u4e2a\u4eba\u6216\u4e2a\u4eba\u7fa4\u4f53\u7684\u7279\u6b8a\u5229\u76ca\u3002<\/p>\n<p>\u4f5c\u4e3a\u6c7d\u8f66\u884c\u4e1a\u7684\u5408\u4f5c\u4f19\u4f34\uff0c\u6211\u4eec\u5728\u56fd\u9645\u4ef7\u503c\u94fe\u548c\u4e1a\u52a1\u5173\u7cfb\u4e2d\u8fd0\u8425\u3002\u8fd9\u9700\u8981\u5f3a\u6709\u529b\u7684\u5408\u4f5c\uff0c\u9ad8\u5ea6\u7684\u5b9a\u6027\u6c9f\u901a\u548c\u5bf9\u6587\u5316\u5dee\u5f02\u7684\u5173\u6ce8\u3002\u6211\u4eec\u4e0d\u4ec5\u901a\u8fc7\u4e13\u4e1a\u77e5\u8bc6\u89e3\u51b3\u95ee\u9898\uff0c\u800c\u4e14\u901a\u8fc7\u6211\u4eec\u5de5\u4f5c\u7684\u6587\u5316\u77e5\u8bc6\u89e3\u51b3\u95ee\u9898\u3002<\/p>\n<p>\u6211\u4eec\u90fd\u662f\u77e5\u8bc6\u5de5\u4f5c\u8005\u3002\u5f53\u6211\u4eec\u6ca1\u6709\u7cbe\u795e\u538b\u529b\u6216\u538b\u529b\u65f6\uff0c\u6211\u4eec\u662f\u6700\u6709\u6548\u7684\u3002\u56e0\u6b64\uff0c\u534f\u8c03\u5de5\u4f5c\u548c\u5bb6\u5ead\u5bf9\u6211\u4eec\u6765\u8bf4\u4e0e\u8ba9\u6211\u4eec\u7684\u5458\u5de5\u53c2\u4e0e\u51b3\u7b56\u540c\u6837\u91cd\u8981\u3002\u6211\u4eec\u7684\u5de5\u4f5c\u6c1b\u56f4\u719f\u6089\u800c\u53cb\u597d\u3002\u6211\u4eec\u4e0d\u4ec5\u5728\u65e5\u5e38\u8fd0\u8425\u4e2d\u76f8\u4e92\u652f\u6301\u3002\u6b64\u5916\uff0c\u6211\u4eec\u4e13\u6ce8\u4e8e\u6301\u7eed\u57f9\u8bad\u548c\u53d1\u5c55\u5458\u5de5\u3002\u5bf9\u6211\u4eec\u6765\u8bf4\uff0c\u4e0d\u4ec5\u662f\u6280\u672f\u5b9e\u529b\uff0c\u8fd8\u6709\u4e2a\u4eba\u7684\u4e2a\u6027\u3002\u8fd9\u4e9b\u7ec4\u4ef6\u786e\u4fdd\u4e86\u6211\u4eec\u7684\u5de5\u4f5c\u8d28\u91cf\uff0c\u6211\u4eec\u7684\u4f01\u4e1a\u6210\u529f\uff0c\u5e76\u786e\u4fdd\u6211\u4eec\u7684\u72ec\u7acb\u6027\u548c\u7a33\u5b9a\u7684\u5de5\u4f5c\u3002<\/p>\n<p>\u4f5c\u4e3a\u4e00\u5bb6\u516c\u53f8\uff0c\u6211\u4eec\u662f\u6211\u4eec\u7684\u5ba2\u6237\uff0c\u5408\u4f5c\u4f19\u4f34\u548c\u5458\u5de5\u7684\u670d\u52a1\u63d0\u4f9b\u5546\uff0c\u4ed6\u4eec\u662f\u6211\u4eec\u884c\u52a8\u7684\u4e2d\u5fc3\u3002<\/p>\n<\/div><div class=\"fusion-clearfix\"><\/div><\/div><\/div><\/div><\/div><div class=\"fusion-fullwidth fullwidth-box fusion-builder-row-3 fusion-parallax-fixed nonhundred-percent-fullwidth non-hundred-percent-height-scrolling fusion-equal-height-columns\" style=\"--awb-background-position:center top;--awb-border-radius-top-left:0px;--awb-border-radius-top-right:0px;--awb-border-radius-bottom-right:0px;--awb-border-radius-bottom-left:0px;--awb-padding-top:100px;--awb-padding-bottom:100px;--awb-background-image:url(&quot;https:\/\/c-p-s.de\/wp-content\/uploads\/2018\/04\/c-p-s-background-parallax-standorte1.jpg&quot;);--awb-background-size:cover;--awb-flex-wrap:wrap;background-attachment:fixed;\" ><div class=\"fusion-builder-row fusion-row\"><div class=\"fusion-layout-column fusion_builder_column fusion-builder-column-4 fusion_builder_column_1_1 1_1 fusion-one-full fusion-column-first fusion-column-last fusion-column-no-min-height fusion-animated\" style=\"--awb-padding-right:5%;--awb-padding-left:5%;--awb-bg-size:cover;\" data-animationType=\"fadeInUp\" data-animationDuration=\"0.5\" data-animationOffset=\"bottom-in-view\"><div class=\"fusion-column-wrapper fusion-flex-column-wrapper-legacy\"><div class=\"fusion-text fusion-text-4\"><p style=\"text-align: center;\"><strong><span class=\"highlight teasersmall uppercase\">\u5730\u70b9\u8d34\u8fd1\u5ba2\u6237 \u516c\u53f8\u5730\u70b9\u9760\u8fd1\u5ba2\u6237\u662f\u6211\u4eec\u7684\u4f18\u52bf\u4e4b\u4e00 <\/span><\/strong><\/p>\n<\/div><div class=\"fusion-sep-clear\"><\/div><div class=\"fusion-separator fusion-full-width-sep\" style=\"margin-left: auto;margin-right: auto;margin-top:0px;margin-bottom:30px;width:100%;\"><\/div><div class=\"fusion-sep-clear\"><\/div><div class=\"fusion-title title fusion-title-3 fusion-sep-none fusion-title-center fusion-title-text fusion-title-size-two\" style=\"--awb-margin-top:0px;--awb-margin-bottom:0px;\"><h2 class=\"fusion-title-heading title-heading-center fusion-responsive-typography-calculated\" style=\"margin:0;--fontSize:35;line-height:1.29;\"><span class=\"whitetxt\">\u6211\u5011\u7684\u4f4d\u7f6e<\/span><\/h2><\/div><div class=\"fusion-sep-clear\"><\/div><div class=\"fusion-separator fusion-full-width-sep\" style=\"margin-left: auto;margin-right: auto;margin-top:0px;margin-bottom:10px;width:100%;\"><\/div><div class=\"fusion-sep-clear\"><\/div><div class=\"fusion-text fusion-text-5\"><p style=\"text-align: center;\"><span class=\"whitetxt\" style=\"font-size: 30px; line-height: 35px;\">\u9760\u8fd1\u5fb7\u570b\u6c7d\u8eca\u88fd\u9020\u5546\u3002<\/span><\/p>\n<\/div><div class=\"fusion-sep-clear\"><\/div><div class=\"fusion-separator fusion-full-width-sep\" style=\"margin-left: auto;margin-right: auto;margin-top:0px;margin-bottom:30px;width:100%;\"><\/div><div class=\"fusion-sep-clear\"><\/div><div class=\"fusion-aligncenter\"><a class=\"fusion-button button-flat fusion-button-default-size button-default fusion-button-default button-1 fusion-button-default-span fusion-button-default-type\" target=\"_self\" href=\"https:\/\/c-p-s.de\/zh-hans\/company\/locations\/\"><span class=\"fusion-button-text awb-button__text awb-button__text--default\">\u5730\u70b9<\/span><\/a><\/div><div class=\"fusion-clearfix\"><\/div><\/div><\/div><\/div><\/div><\/p>\n","protected":false},"excerpt":{"rendered":"","protected":false},"author":1,"featured_media":0,"parent":2826,"menu_order":0,"comment_status":"closed","ping_status":"closed","template":"100-width.php","meta":{"_acf_changed":false,"footnotes":""},"class_list":["post-2831","page","type-page","status-publish","hentry"],"acf":[],"yoast_head":"<!-- This site is optimized with the Yoast SEO plugin v26.8 - https:\/\/yoast.com\/product\/yoast-seo-wordpress\/ -->\n<title>Gu\u0101ny\u00fa w\u01d2men | C-P-S j\u00edtu\u00e1n<\/title>\n<meta name=\"description\" content=\"W\u01d2men sh\u0113nghu\u00f3 z\u00e0i y\u012b zh\u01d2ng y\u01d0 ji\u00e0zh\u00ed w\u00e9i d\u01ceoxi\u00e0ng de q\u01d0y\u00e8 w\u00e9nhu\u00e0 de j\u012bch\u01d4 sh\u00e0ng, xi\u0101ngh\u00f9 z\u016bnzh\u00f2ng h\u00e9 g\u014dngp\u00edng du\u00ecd\u00e0i. W\u01d2men zh\u00f2ngsh\u00ec t\u00f3ngsh\u00ec du\u00ec w\u01d2men ch\u00e9ngg\u014dng de g\u00f2ngxi\u00e0n, c\u00f3ng&#039;\u00e9r zh\u00f2ngsh\u00ec w\u01d2men de yu\u00e0nj\u01d0ng.\" \/>\n<meta name=\"robots\" content=\"index, follow, max-snippet:-1, max-image-preview:large, max-video-preview:-1\" \/>\n<link rel=\"canonical\" href=\"https:\/\/c-p-s.de\/zh-hans\/gongsi\/guanyu-women\/\" \/>\n<meta property=\"og:locale\" content=\"zh_CN\" \/>\n<meta property=\"og:type\" content=\"article\" \/>\n<meta property=\"og:title\" content=\"Gu\u0101ny\u00fa w\u01d2men | C-P-S j\u00edtu\u00e1n\" \/>\n<meta property=\"og:description\" content=\"W\u01d2men sh\u0113nghu\u00f3 z\u00e0i y\u012b zh\u01d2ng y\u01d0 ji\u00e0zh\u00ed w\u00e9i d\u01ceoxi\u00e0ng de q\u01d0y\u00e8 w\u00e9nhu\u00e0 de j\u012bch\u01d4 sh\u00e0ng, xi\u0101ngh\u00f9 z\u016bnzh\u00f2ng h\u00e9 g\u014dngp\u00edng du\u00ecd\u00e0i. W\u01d2men zh\u00f2ngsh\u00ec t\u00f3ngsh\u00ec du\u00ec w\u01d2men ch\u00e9ngg\u014dng de g\u00f2ngxi\u00e0n, c\u00f3ng&#039;\u00e9r zh\u00f2ngsh\u00ec w\u01d2men de yu\u00e0nj\u01d0ng.\" \/>\n<meta property=\"og:url\" content=\"https:\/\/c-p-s.de\/zh-hans\/gongsi\/guanyu-women\/\" \/>\n<meta property=\"og:site_name\" content=\"C-P-S Group\" \/>\n<meta property=\"article:modified_time\" content=\"2018-10-22T11:05:56+00:00\" \/>\n<meta name=\"twitter:card\" content=\"summary_large_image\" \/>\n<script type=\"application\/ld+json\" class=\"yoast-schema-graph\">{\"@context\":\"https:\/\/schema.org\",\"@graph\":[{\"@type\":\"WebPage\",\"@id\":\"https:\/\/c-p-s.de\/zh-hans\/gongsi\/guanyu-women\/\",\"url\":\"https:\/\/c-p-s.de\/zh-hans\/gongsi\/guanyu-women\/\",\"name\":\"Gu\u0101ny\u00fa w\u01d2men | C-P-S j\u00edtu\u00e1n\",\"isPartOf\":{\"@id\":\"https:\/\/c-p-s.de\/zh-hans\/#website\"},\"datePublished\":\"2018-04-11T16:57:43+00:00\",\"dateModified\":\"2018-10-22T11:05:56+00:00\",\"description\":\"W\u01d2men sh\u0113nghu\u00f3 z\u00e0i y\u012b zh\u01d2ng y\u01d0 ji\u00e0zh\u00ed w\u00e9i d\u01ceoxi\u00e0ng de q\u01d0y\u00e8 w\u00e9nhu\u00e0 de j\u012bch\u01d4 sh\u00e0ng, xi\u0101ngh\u00f9 z\u016bnzh\u00f2ng h\u00e9 g\u014dngp\u00edng du\u00ecd\u00e0i. W\u01d2men zh\u00f2ngsh\u00ec t\u00f3ngsh\u00ec du\u00ec w\u01d2men ch\u00e9ngg\u014dng de g\u00f2ngxi\u00e0n, c\u00f3ng'\u00e9r zh\u00f2ngsh\u00ec w\u01d2men de yu\u00e0nj\u01d0ng.\",\"breadcrumb\":{\"@id\":\"https:\/\/c-p-s.de\/zh-hans\/gongsi\/guanyu-women\/#breadcrumb\"},\"inLanguage\":\"zh-Hans\",\"potentialAction\":[{\"@type\":\"ReadAction\",\"target\":[\"https:\/\/c-p-s.de\/zh-hans\/gongsi\/guanyu-women\/\"]}]},{\"@type\":\"BreadcrumbList\",\"@id\":\"https:\/\/c-p-s.de\/zh-hans\/gongsi\/guanyu-women\/#breadcrumb\",\"itemListElement\":[{\"@type\":\"ListItem\",\"position\":1,\"name\":\"Startseite\",\"item\":\"https:\/\/c-p-s.de\/zh-hans\/\"},{\"@type\":\"ListItem\",\"position\":2,\"name\":\"\u96c6\u56e2\u4ecb\u7ecd\",\"item\":\"https:\/\/c-p-s.de\/zh-hans\/company\/\"},{\"@type\":\"ListItem\",\"position\":3,\"name\":\"Gu\u0101ny\u00fa w\u01d2men\"}]},{\"@type\":\"WebSite\",\"@id\":\"https:\/\/c-p-s.de\/zh-hans\/#website\",\"url\":\"https:\/\/c-p-s.de\/zh-hans\/\",\"name\":\"C-P-S Group\",\"description\":\"Consulting - Planning - Services\",\"publisher\":{\"@id\":\"https:\/\/c-p-s.de\/zh-hans\/#organization\"},\"potentialAction\":[{\"@type\":\"SearchAction\",\"target\":{\"@type\":\"EntryPoint\",\"urlTemplate\":\"https:\/\/c-p-s.de\/zh-hans\/?s={search_term_string}\"},\"query-input\":{\"@type\":\"PropertyValueSpecification\",\"valueRequired\":true,\"valueName\":\"search_term_string\"}}],\"inLanguage\":\"zh-Hans\"},{\"@type\":\"Organization\",\"@id\":\"https:\/\/c-p-s.de\/zh-hans\/#organization\",\"name\":\"C-P-S Holding GmbH & Co. KG\",\"url\":\"https:\/\/c-p-s.de\/zh-hans\/\",\"logo\":{\"@type\":\"ImageObject\",\"inLanguage\":\"zh-Hans\",\"@id\":\"https:\/\/c-p-s.de\/zh-hans\/#\/schema\/logo\/image\/\",\"url\":\"https:\/\/c-p-s.de\/wp-content\/uploads\/2018\/04\/cps_group_logo.jpg\",\"contentUrl\":\"https:\/\/c-p-s.de\/wp-content\/uploads\/2018\/04\/cps_group_logo.jpg\",\"width\":235,\"height\":58,\"caption\":\"C-P-S Holding GmbH & Co. KG\"},\"image\":{\"@id\":\"https:\/\/c-p-s.de\/zh-hans\/#\/schema\/logo\/image\/\"}}]}<\/script>\n<!-- \/ Yoast SEO plugin. -->","yoast_head_json":{"title":"Gu\u0101ny\u00fa w\u01d2men | C-P-S j\u00edtu\u00e1n","description":"W\u01d2men sh\u0113nghu\u00f3 z\u00e0i y\u012b zh\u01d2ng y\u01d0 ji\u00e0zh\u00ed w\u00e9i d\u01ceoxi\u00e0ng de q\u01d0y\u00e8 w\u00e9nhu\u00e0 de j\u012bch\u01d4 sh\u00e0ng, xi\u0101ngh\u00f9 z\u016bnzh\u00f2ng h\u00e9 g\u014dngp\u00edng du\u00ecd\u00e0i. W\u01d2men zh\u00f2ngsh\u00ec t\u00f3ngsh\u00ec du\u00ec w\u01d2men ch\u00e9ngg\u014dng de g\u00f2ngxi\u00e0n, c\u00f3ng'\u00e9r zh\u00f2ngsh\u00ec w\u01d2men de yu\u00e0nj\u01d0ng.","robots":{"index":"index","follow":"follow","max-snippet":"max-snippet:-1","max-image-preview":"max-image-preview:large","max-video-preview":"max-video-preview:-1"},"canonical":"https:\/\/c-p-s.de\/zh-hans\/gongsi\/guanyu-women\/","og_locale":"zh_CN","og_type":"article","og_title":"Gu\u0101ny\u00fa w\u01d2men | C-P-S j\u00edtu\u00e1n","og_description":"W\u01d2men sh\u0113nghu\u00f3 z\u00e0i y\u012b zh\u01d2ng y\u01d0 ji\u00e0zh\u00ed w\u00e9i d\u01ceoxi\u00e0ng de q\u01d0y\u00e8 w\u00e9nhu\u00e0 de j\u012bch\u01d4 sh\u00e0ng, xi\u0101ngh\u00f9 z\u016bnzh\u00f2ng h\u00e9 g\u014dngp\u00edng du\u00ecd\u00e0i. W\u01d2men zh\u00f2ngsh\u00ec t\u00f3ngsh\u00ec du\u00ec w\u01d2men ch\u00e9ngg\u014dng de g\u00f2ngxi\u00e0n, c\u00f3ng'\u00e9r zh\u00f2ngsh\u00ec w\u01d2men de yu\u00e0nj\u01d0ng.","og_url":"https:\/\/c-p-s.de\/zh-hans\/gongsi\/guanyu-women\/","og_site_name":"C-P-S Group","article_modified_time":"2018-10-22T11:05:56+00:00","twitter_card":"summary_large_image","schema":{"@context":"https:\/\/schema.org","@graph":[{"@type":"WebPage","@id":"https:\/\/c-p-s.de\/zh-hans\/gongsi\/guanyu-women\/","url":"https:\/\/c-p-s.de\/zh-hans\/gongsi\/guanyu-women\/","name":"Gu\u0101ny\u00fa w\u01d2men | C-P-S j\u00edtu\u00e1n","isPartOf":{"@id":"https:\/\/c-p-s.de\/zh-hans\/#website"},"datePublished":"2018-04-11T16:57:43+00:00","dateModified":"2018-10-22T11:05:56+00:00","description":"W\u01d2men sh\u0113nghu\u00f3 z\u00e0i y\u012b zh\u01d2ng y\u01d0 ji\u00e0zh\u00ed w\u00e9i d\u01ceoxi\u00e0ng de q\u01d0y\u00e8 w\u00e9nhu\u00e0 de j\u012bch\u01d4 sh\u00e0ng, xi\u0101ngh\u00f9 z\u016bnzh\u00f2ng h\u00e9 g\u014dngp\u00edng du\u00ecd\u00e0i. W\u01d2men zh\u00f2ngsh\u00ec t\u00f3ngsh\u00ec du\u00ec w\u01d2men ch\u00e9ngg\u014dng de g\u00f2ngxi\u00e0n, c\u00f3ng'\u00e9r zh\u00f2ngsh\u00ec w\u01d2men de yu\u00e0nj\u01d0ng.","breadcrumb":{"@id":"https:\/\/c-p-s.de\/zh-hans\/gongsi\/guanyu-women\/#breadcrumb"},"inLanguage":"zh-Hans","potentialAction":[{"@type":"ReadAction","target":["https:\/\/c-p-s.de\/zh-hans\/gongsi\/guanyu-women\/"]}]},{"@type":"BreadcrumbList","@id":"https:\/\/c-p-s.de\/zh-hans\/gongsi\/guanyu-women\/#breadcrumb","itemListElement":[{"@type":"ListItem","position":1,"name":"Startseite","item":"https:\/\/c-p-s.de\/zh-hans\/"},{"@type":"ListItem","position":2,"name":"\u96c6\u56e2\u4ecb\u7ecd","item":"https:\/\/c-p-s.de\/zh-hans\/company\/"},{"@type":"ListItem","position":3,"name":"Gu\u0101ny\u00fa w\u01d2men"}]},{"@type":"WebSite","@id":"https:\/\/c-p-s.de\/zh-hans\/#website","url":"https:\/\/c-p-s.de\/zh-hans\/","name":"C-P-S Group","description":"Consulting - Planning - Services","publisher":{"@id":"https:\/\/c-p-s.de\/zh-hans\/#organization"},"potentialAction":[{"@type":"SearchAction","target":{"@type":"EntryPoint","urlTemplate":"https:\/\/c-p-s.de\/zh-hans\/?s={search_term_string}"},"query-input":{"@type":"PropertyValueSpecification","valueRequired":true,"valueName":"search_term_string"}}],"inLanguage":"zh-Hans"},{"@type":"Organization","@id":"https:\/\/c-p-s.de\/zh-hans\/#organization","name":"C-P-S Holding GmbH & Co. KG","url":"https:\/\/c-p-s.de\/zh-hans\/","logo":{"@type":"ImageObject","inLanguage":"zh-Hans","@id":"https:\/\/c-p-s.de\/zh-hans\/#\/schema\/logo\/image\/","url":"https:\/\/c-p-s.de\/wp-content\/uploads\/2018\/04\/cps_group_logo.jpg","contentUrl":"https:\/\/c-p-s.de\/wp-content\/uploads\/2018\/04\/cps_group_logo.jpg","width":235,"height":58,"caption":"C-P-S Holding GmbH & Co. KG"},"image":{"@id":"https:\/\/c-p-s.de\/zh-hans\/#\/schema\/logo\/image\/"}}]}},"_links":{"self":[{"href":"https:\/\/c-p-s.de\/zh-hans\/wp-json\/wp\/v2\/pages\/2831","targetHints":{"allow":["GET"]}}],"collection":[{"href":"https:\/\/c-p-s.de\/zh-hans\/wp-json\/wp\/v2\/pages"}],"about":[{"href":"https:\/\/c-p-s.de\/zh-hans\/wp-json\/wp\/v2\/types\/page"}],"author":[{"embeddable":true,"href":"https:\/\/c-p-s.de\/zh-hans\/wp-json\/wp\/v2\/users\/1"}],"replies":[{"embeddable":true,"href":"https:\/\/c-p-s.de\/zh-hans\/wp-json\/wp\/v2\/comments?post=2831"}],"version-history":[{"count":0,"href":"https:\/\/c-p-s.de\/zh-hans\/wp-json\/wp\/v2\/pages\/2831\/revisions"}],"up":[{"embeddable":true,"href":"https:\/\/c-p-s.de\/zh-hans\/wp-json\/wp\/v2\/pages\/2826"}],"wp:attachment":[{"href":"https:\/\/c-p-s.de\/zh-hans\/wp-json\/wp\/v2\/media?parent=2831"}],"curies":[{"name":"wp","href":"https:\/\/api.w.org\/{rel}","templated":true}]}}