{"id":2758,"date":"2018-04-11T18:48:25","date_gmt":"2018-04-11T16:48:25","guid":{"rendered":"https:\/\/c-p-s.de\/privacy-policy\/"},"modified":"2021-08-18T16:33:38","modified_gmt":"2021-08-18T14:33:38","slug":"yinsi-zhengce","status":"publish","type":"page","link":"https:\/\/c-p-s.de\/zh-hans\/yinsi-zhengce\/","title":{"rendered":"Privacy Policy | Sustainability"},"content":{"rendered":"<p><div class=\"fusion-fullwidth fullwidth-box fusion-builder-row-1 hundred-percent-fullwidth non-hundred-percent-height-scrolling\" style=\"--awb-border-radius-top-left:0px;--awb-border-radius-top-right:0px;--awb-border-radius-bottom-right:0px;--awb-border-radius-bottom-left:0px;--awb-padding-top:130px;--awb-padding-bottom:130px;--awb-background-color:#46535a;--awb-flex-wrap:wrap;\" ><div class=\"fusion-builder-row fusion-row\"><div class=\"fusion-layout-column fusion_builder_column fusion-builder-column-0 fusion_builder_column_1_1 1_1 fusion-one-full fusion-column-first fusion-column-last\" style=\"--awb-bg-size:cover;\"><div class=\"fusion-column-wrapper fusion-flex-column-wrapper-legacy\"><div class=\"fusion-title title fusion-title-1 fusion-sep-none fusion-title-center fusion-title-text fusion-title-size-one\" style=\"--awb-margin-top:0px;--awb-margin-bottom:10px;\"><h1 class=\"fusion-title-heading title-heading-center fusion-responsive-typography-calculated\" style=\"margin:0;--fontSize:40;line-height:1.38;\"><span class=\"whitetxt\">\u6570\u636e\u4fdd\u62a4<\/span><\/h1><\/div><div class=\"fusion-text fusion-text-1\"><p style=\"text-align: center;\"><strong><span class=\"highlight teasersmall uppercase\">C-P-S Holding GmbH &amp; Co. KG<\/span><\/strong><\/p>\n<\/div><div class=\"fusion-clearfix\"><\/div><\/div><\/div><\/div><\/div><div class=\"fusion-fullwidth fullwidth-box fusion-builder-row-2 nonhundred-percent-fullwidth non-hundred-percent-height-scrolling\" style=\"--awb-border-radius-top-left:0px;--awb-border-radius-top-right:0px;--awb-border-radius-bottom-right:0px;--awb-border-radius-bottom-left:0px;--awb-padding-top:100px;--awb-flex-wrap:wrap;\" ><div class=\"fusion-builder-row fusion-row\"><div class=\"fusion-layout-column fusion_builder_column fusion-builder-column-1 fusion_builder_column_1_1 1_1 fusion-one-full fusion-column-first fusion-column-last\" style=\"--awb-bg-size:cover;\"><div class=\"fusion-column-wrapper fusion-flex-column-wrapper-legacy\"><div class=\"fusion-title title fusion-title-2 fusion-sep-none fusion-title-text fusion-title-size-two\" style=\"--awb-margin-top:0px;--awb-margin-bottom:0px;\"><h2 class=\"fusion-title-heading title-heading-left fusion-responsive-typography-calculated\" style=\"margin:0;--fontSize:35;line-height:1.29;\"><ul>\n<li>\u00a0Code of Conduct<\/li>\n<\/ul><\/h2><\/div><div class=\"fusion-sep-clear\"><\/div><div class=\"fusion-separator fusion-full-width-sep\" style=\"margin-left: auto;margin-right: auto;margin-top:0px;margin-bottom:40px;width:100%;\"><\/div><div class=\"fusion-sep-clear\"><\/div><div class=\"fusion-text fusion-text-2\"><p><iframe src=\"https:\/\/c-p-s.de\/wp-content\/uploads\/2021\/08\/7_1_1_Code_of_Conduct_EN_V3.3_.pdf\" width=\"900\" height=\"700\"><\/iframe><\/p>\n<\/div><div class=\"fusion-sep-clear\"><\/div><div class=\"fusion-separator fusion-full-width-sep\" style=\"margin-left: auto;margin-right: auto;margin-top:0px;margin-bottom:40px;width:100%;\"><\/div><div class=\"fusion-sep-clear\"><\/div><div class=\"fusion-title title fusion-title-3 fusion-sep-none fusion-title-text fusion-title-size-two\" style=\"--awb-margin-top:0px;--awb-margin-bottom:0px;\"><h2 class=\"fusion-title-heading title-heading-left fusion-responsive-typography-calculated\" style=\"margin:0;--fontSize:35;line-height:1.29;\"><ul>\n<li>Supplier Sustainability<\/li>\n<\/ul><\/h2><\/div><div class=\"fusion-sep-clear\"><\/div><div class=\"fusion-separator fusion-full-width-sep\" style=\"margin-left: auto;margin-right: auto;margin-top:0px;margin-bottom:40px;width:100%;\"><\/div><div class=\"fusion-sep-clear\"><\/div><div class=\"fusion-text fusion-text-3\"><p><iframe src=\"https:\/\/c-p-s.de\/wp-content\/uploads\/2021\/08\/Sustainable-Procurement-Policy_V2.0_EN_.pdf\" width=\"900\" height=\"700\"><\/iframe><\/p>\n<\/div><div class=\"fusion-sep-clear\"><\/div><div class=\"fusion-separator fusion-full-width-sep\" style=\"margin-left: auto;margin-right: auto;margin-top:0px;margin-bottom:40px;width:100%;\"><\/div><div class=\"fusion-sep-clear\"><\/div><div class=\"fusion-title title fusion-title-4 fusion-sep-none fusion-title-text fusion-title-size-two\" style=\"--awb-margin-top:0px;--awb-margin-bottom:0px;\"><h2 class=\"fusion-title-heading title-heading-left fusion-responsive-typography-calculated\" style=\"margin:0;--fontSize:35;line-height:1.29;\"><ul>\n<li>Data Protection Declaration<\/li>\n<\/ul><\/h2><\/div><div class=\"fusion-sep-clear\"><\/div><div class=\"fusion-separator fusion-full-width-sep\" style=\"margin-left: auto;margin-right: auto;margin-top:0px;margin-bottom:40px;width:100%;\"><\/div><div class=\"fusion-sep-clear\"><\/div><div class=\"fusion-text fusion-text-4\"><p><iframe src=\"https:\/\/c-p-s.de\/wp-content\/uploads\/2021\/04\/2020-10-12-data-protection-declaration-C-P-S-vers-3.2_EN.pdf\" width=\"900\" height=\"700\"><\/iframe><\/p>\n<\/div><div class=\"fusion-sep-clear\"><\/div><div class=\"fusion-separator fusion-full-width-sep\" style=\"margin-left: auto;margin-right: auto;margin-top:0px;margin-bottom:40px;width:100%;\"><\/div><div class=\"fusion-sep-clear\"><\/div><div class=\"fusion-clearfix\"><\/div><\/div><\/div><\/div><\/div><\/p>\n","protected":false},"excerpt":{"rendered":"","protected":false},"author":1,"featured_media":0,"parent":0,"menu_order":0,"comment_status":"closed","ping_status":"closed","template":"100-width.php","meta":{"_acf_changed":false,"footnotes":""},"class_list":["post-2758","page","type-page","status-publish","hentry"],"acf":[],"yoast_head":"<!-- This site is optimized with the Yoast SEO plugin v26.8 - https:\/\/yoast.com\/product\/yoast-seo-wordpress\/ -->\n<title>Y\u01d0ns\u012b zh\u00e8ngc\u00e8 | C-P-S j\u00edtu\u00e1n<\/title>\n<meta name=\"description\" content=\"Y\u01d0ns\u012b zh\u00e8ngc\u00e8\" \/>\n<meta name=\"robots\" content=\"noindex, nofollow\" \/>\n<meta property=\"og:locale\" content=\"zh_CN\" \/>\n<meta property=\"og:type\" content=\"article\" \/>\n<meta property=\"og:title\" content=\"Y\u01d0ns\u012b zh\u00e8ngc\u00e8 | C-P-S j\u00edtu\u00e1n\" \/>\n<meta property=\"og:description\" content=\"Y\u01d0ns\u012b zh\u00e8ngc\u00e8\" \/>\n<meta property=\"og:url\" content=\"https:\/\/c-p-s.de\/zh-hans\/yinsi-zhengce\/\" \/>\n<meta property=\"og:site_name\" content=\"C-P-S Group\" \/>\n<meta property=\"article:modified_time\" content=\"2021-08-18T14:33:38+00:00\" \/>\n<meta name=\"twitter:card\" content=\"summary_large_image\" \/>\n<script type=\"application\/ld+json\" class=\"yoast-schema-graph\">{\"@context\":\"https:\/\/schema.org\",\"@graph\":[{\"@type\":\"WebPage\",\"@id\":\"https:\/\/c-p-s.de\/zh-hans\/yinsi-zhengce\/\",\"url\":\"https:\/\/c-p-s.de\/zh-hans\/yinsi-zhengce\/\",\"name\":\"Y\u01d0ns\u012b zh\u00e8ngc\u00e8 | C-P-S j\u00edtu\u00e1n\",\"isPartOf\":{\"@id\":\"https:\/\/c-p-s.de\/zh-hans\/#website\"},\"datePublished\":\"2018-04-11T16:48:25+00:00\",\"dateModified\":\"2021-08-18T14:33:38+00:00\",\"description\":\"Y\u01d0ns\u012b zh\u00e8ngc\u00e8\",\"breadcrumb\":{\"@id\":\"https:\/\/c-p-s.de\/zh-hans\/yinsi-zhengce\/#breadcrumb\"},\"inLanguage\":\"zh-Hans\",\"potentialAction\":[{\"@type\":\"ReadAction\",\"target\":[\"https:\/\/c-p-s.de\/zh-hans\/yinsi-zhengce\/\"]}]},{\"@type\":\"BreadcrumbList\",\"@id\":\"https:\/\/c-p-s.de\/zh-hans\/yinsi-zhengce\/#breadcrumb\",\"itemListElement\":[{\"@type\":\"ListItem\",\"position\":1,\"name\":\"Startseite\",\"item\":\"https:\/\/c-p-s.de\/zh-hans\/\"},{\"@type\":\"ListItem\",\"position\":2,\"name\":\"Privacy Policy | Sustainability\"}]},{\"@type\":\"WebSite\",\"@id\":\"https:\/\/c-p-s.de\/zh-hans\/#website\",\"url\":\"https:\/\/c-p-s.de\/zh-hans\/\",\"name\":\"C-P-S Group\",\"description\":\"Consulting - Planning - Services\",\"publisher\":{\"@id\":\"https:\/\/c-p-s.de\/zh-hans\/#organization\"},\"potentialAction\":[{\"@type\":\"SearchAction\",\"target\":{\"@type\":\"EntryPoint\",\"urlTemplate\":\"https:\/\/c-p-s.de\/zh-hans\/?s={search_term_string}\"},\"query-input\":{\"@type\":\"PropertyValueSpecification\",\"valueRequired\":true,\"valueName\":\"search_term_string\"}}],\"inLanguage\":\"zh-Hans\"},{\"@type\":\"Organization\",\"@id\":\"https:\/\/c-p-s.de\/zh-hans\/#organization\",\"name\":\"C-P-S Holding GmbH & Co. KG\",\"url\":\"https:\/\/c-p-s.de\/zh-hans\/\",\"logo\":{\"@type\":\"ImageObject\",\"inLanguage\":\"zh-Hans\",\"@id\":\"https:\/\/c-p-s.de\/zh-hans\/#\/schema\/logo\/image\/\",\"url\":\"https:\/\/c-p-s.de\/wp-content\/uploads\/2018\/04\/cps_group_logo.jpg\",\"contentUrl\":\"https:\/\/c-p-s.de\/wp-content\/uploads\/2018\/04\/cps_group_logo.jpg\",\"width\":235,\"height\":58,\"caption\":\"C-P-S Holding GmbH & Co. KG\"},\"image\":{\"@id\":\"https:\/\/c-p-s.de\/zh-hans\/#\/schema\/logo\/image\/\"}}]}<\/script>\n<!-- \/ Yoast SEO plugin. -->","yoast_head_json":{"title":"Y\u01d0ns\u012b zh\u00e8ngc\u00e8 | C-P-S j\u00edtu\u00e1n","description":"Y\u01d0ns\u012b zh\u00e8ngc\u00e8","robots":{"index":"noindex","follow":"nofollow"},"og_locale":"zh_CN","og_type":"article","og_title":"Y\u01d0ns\u012b zh\u00e8ngc\u00e8 | C-P-S j\u00edtu\u00e1n","og_description":"Y\u01d0ns\u012b zh\u00e8ngc\u00e8","og_url":"https:\/\/c-p-s.de\/zh-hans\/yinsi-zhengce\/","og_site_name":"C-P-S Group","article_modified_time":"2021-08-18T14:33:38+00:00","twitter_card":"summary_large_image","schema":{"@context":"https:\/\/schema.org","@graph":[{"@type":"WebPage","@id":"https:\/\/c-p-s.de\/zh-hans\/yinsi-zhengce\/","url":"https:\/\/c-p-s.de\/zh-hans\/yinsi-zhengce\/","name":"Y\u01d0ns\u012b zh\u00e8ngc\u00e8 | C-P-S j\u00edtu\u00e1n","isPartOf":{"@id":"https:\/\/c-p-s.de\/zh-hans\/#website"},"datePublished":"2018-04-11T16:48:25+00:00","dateModified":"2021-08-18T14:33:38+00:00","description":"Y\u01d0ns\u012b zh\u00e8ngc\u00e8","breadcrumb":{"@id":"https:\/\/c-p-s.de\/zh-hans\/yinsi-zhengce\/#breadcrumb"},"inLanguage":"zh-Hans","potentialAction":[{"@type":"ReadAction","target":["https:\/\/c-p-s.de\/zh-hans\/yinsi-zhengce\/"]}]},{"@type":"BreadcrumbList","@id":"https:\/\/c-p-s.de\/zh-hans\/yinsi-zhengce\/#breadcrumb","itemListElement":[{"@type":"ListItem","position":1,"name":"Startseite","item":"https:\/\/c-p-s.de\/zh-hans\/"},{"@type":"ListItem","position":2,"name":"Privacy Policy | Sustainability"}]},{"@type":"WebSite","@id":"https:\/\/c-p-s.de\/zh-hans\/#website","url":"https:\/\/c-p-s.de\/zh-hans\/","name":"C-P-S Group","description":"Consulting - Planning - Services","publisher":{"@id":"https:\/\/c-p-s.de\/zh-hans\/#organization"},"potentialAction":[{"@type":"SearchAction","target":{"@type":"EntryPoint","urlTemplate":"https:\/\/c-p-s.de\/zh-hans\/?s={search_term_string}"},"query-input":{"@type":"PropertyValueSpecification","valueRequired":true,"valueName":"search_term_string"}}],"inLanguage":"zh-Hans"},{"@type":"Organization","@id":"https:\/\/c-p-s.de\/zh-hans\/#organization","name":"C-P-S Holding GmbH & Co. KG","url":"https:\/\/c-p-s.de\/zh-hans\/","logo":{"@type":"ImageObject","inLanguage":"zh-Hans","@id":"https:\/\/c-p-s.de\/zh-hans\/#\/schema\/logo\/image\/","url":"https:\/\/c-p-s.de\/wp-content\/uploads\/2018\/04\/cps_group_logo.jpg","contentUrl":"https:\/\/c-p-s.de\/wp-content\/uploads\/2018\/04\/cps_group_logo.jpg","width":235,"height":58,"caption":"C-P-S Holding GmbH & Co. KG"},"image":{"@id":"https:\/\/c-p-s.de\/zh-hans\/#\/schema\/logo\/image\/"}}]}},"_links":{"self":[{"href":"https:\/\/c-p-s.de\/zh-hans\/wp-json\/wp\/v2\/pages\/2758","targetHints":{"allow":["GET"]}}],"collection":[{"href":"https:\/\/c-p-s.de\/zh-hans\/wp-json\/wp\/v2\/pages"}],"about":[{"href":"https:\/\/c-p-s.de\/zh-hans\/wp-json\/wp\/v2\/types\/page"}],"author":[{"embeddable":true,"href":"https:\/\/c-p-s.de\/zh-hans\/wp-json\/wp\/v2\/users\/1"}],"replies":[{"embeddable":true,"href":"https:\/\/c-p-s.de\/zh-hans\/wp-json\/wp\/v2\/comments?post=2758"}],"version-history":[{"count":0,"href":"https:\/\/c-p-s.de\/zh-hans\/wp-json\/wp\/v2\/pages\/2758\/revisions"}],"wp:attachment":[{"href":"https:\/\/c-p-s.de\/zh-hans\/wp-json\/wp\/v2\/media?parent=2758"}],"curies":[{"name":"wp","href":"https:\/\/api.w.org\/{rel}","templated":true}]}}