{"id":2755,"date":"2018-04-11T18:48:56","date_gmt":"2018-04-11T16:48:56","guid":{"rendered":"https:\/\/c-p-s.de\/imprint\/"},"modified":"2019-09-10T16:03:01","modified_gmt":"2019-09-10T14:03:01","slug":"yinji","status":"publish","type":"page","link":"https:\/\/c-p-s.de\/zh-hans\/yinji\/","title":{"rendered":"Y\u00ecnj\u00ec"},"content":{"rendered":"<p><div class=\"fusion-fullwidth fullwidth-box fusion-builder-row-1 hundred-percent-fullwidth non-hundred-percent-height-scrolling\" style=\"--awb-border-radius-top-left:0px;--awb-border-radius-top-right:0px;--awb-border-radius-bottom-right:0px;--awb-border-radius-bottom-left:0px;--awb-padding-top:130px;--awb-padding-bottom:130px;--awb-background-color:#46535a;--awb-flex-wrap:wrap;\" ><div class=\"fusion-builder-row fusion-row\"><div class=\"fusion-layout-column fusion_builder_column fusion-builder-column-0 fusion_builder_column_1_1 1_1 fusion-one-full fusion-column-first fusion-column-last\" style=\"--awb-bg-size:cover;\"><div class=\"fusion-column-wrapper fusion-flex-column-wrapper-legacy\"><div class=\"fusion-title title fusion-title-1 fusion-sep-none fusion-title-center fusion-title-text fusion-title-size-one\" style=\"--awb-margin-top:0px;--awb-margin-bottom:10px;\"><h1 class=\"fusion-title-heading title-heading-center fusion-responsive-typography-calculated\" style=\"margin:0;--fontSize:40;line-height:1.38;\"><span class=\"whitetxt\">\u7248\u6743\u8bf4\u660e<\/span><\/h1><\/div><div class=\"fusion-text fusion-text-1\"><p style=\"text-align: center;\"><strong><span class=\"highlight teasersmall uppercase\">C-P-S Holding GmbH &amp; Co. KG<\/span><\/strong><\/p>\n<\/div><div class=\"fusion-clearfix\"><\/div><\/div><\/div><\/div><\/div><div class=\"fusion-fullwidth fullwidth-box fusion-builder-row-2 nonhundred-percent-fullwidth non-hundred-percent-height-scrolling\" style=\"--awb-border-radius-top-left:0px;--awb-border-radius-top-right:0px;--awb-border-radius-bottom-right:0px;--awb-border-radius-bottom-left:0px;--awb-padding-top:100px;--awb-padding-bottom:100px;--awb-flex-wrap:wrap;\" ><div class=\"fusion-builder-row fusion-row\"><div class=\"fusion-layout-column fusion_builder_column fusion-builder-column-1 fusion_builder_column_1_1 1_1 fusion-one-full fusion-column-first fusion-column-last\" style=\"--awb-bg-size:cover;\"><div class=\"fusion-column-wrapper fusion-flex-column-wrapper-legacy\"><div class=\"fusion-text fusion-text-2\"><p><span class=\"teaser\"><strong>Angaben gem\u00e4\u00df \u00a7 5 TMG:<\/strong><\/span><\/p>\n<p>C-P-S Holding GmbH &amp; Co. KG<br \/>\nLeopoldstr. 254<br \/>\n80807 M\u00fcnchen<\/p>\n<\/div><div class=\"fusion-sep-clear\"><\/div><div class=\"fusion-separator fusion-full-width-sep\" style=\"margin-left: auto;margin-right: auto;margin-top:0px;margin-bottom:40px;width:100%;\"><\/div><div class=\"fusion-sep-clear\"><\/div><div class=\"fusion-text fusion-text-3\"><p><span class=\"teaser\"><strong>Vertreten durch:<\/strong><\/span><\/p>\n<p>Komplement\u00e4rin: C-P-S &amp; Gesellschafter GmbH, Braunschweig<br \/>\nGesch\u00e4ftsf\u00fchrung: Claus Drexl (Sprecher), Helmut Angermann, Matth\u00e4us von Esterh\u00e1zy<br \/>\nUnternehmensbeirat: Dr. Siegfried Werner B\u00f6ckmann (Vorsitzender)<br \/>\nRegistergericht: Braunschweig HR B 200 839<\/p>\n<\/div><div class=\"fusion-sep-clear\"><\/div><div class=\"fusion-separator fusion-full-width-sep\" style=\"margin-left: auto;margin-right: auto;margin-top:0px;margin-bottom:40px;width:100%;\"><\/div><div class=\"fusion-sep-clear\"><\/div><div class=\"fusion-text fusion-text-4\"><p><span class=\"teaser\"><strong>Kontakt:<\/strong><\/span><\/p>\n<table>\n<tbody>\n<tr>\n<td>Telefon:<\/td>\n<td>+49(0) 89 928790-0<\/td>\n<\/tr>\n<tr>\n<td>Telefax:<\/td>\n<td>+49(0) 89 928790-10<\/td>\n<\/tr>\n<tr>\n<td>E-Mail:<\/td>\n<td>info[at]c-p-s.de<\/td>\n<\/tr>\n<\/tbody>\n<\/table>\n<\/div><div class=\"fusion-sep-clear\"><\/div><div class=\"fusion-separator fusion-full-width-sep\" style=\"margin-left: auto;margin-right: auto;margin-top:0px;margin-bottom:40px;width:100%;\"><\/div><div class=\"fusion-sep-clear\"><\/div><div class=\"fusion-text fusion-text-5\"><p><span class=\"teaser\"><strong>Registereintrag:<\/strong><\/span><\/p>\n<p>Eintragung im Handelsregister.<br \/>\nRegistergericht:M\u00fcnchen<br \/>\nRegisternummer: HR A 101 271<\/p>\n<\/div><div class=\"fusion-sep-clear\"><\/div><div class=\"fusion-separator fusion-full-width-sep\" style=\"margin-left: auto;margin-right: auto;margin-top:0px;margin-bottom:40px;width:100%;\"><\/div><div class=\"fusion-sep-clear\"><\/div><div class=\"fusion-text fusion-text-6\"><p><span class=\"teaser\"><strong>Umsatzsteuer-ID:<\/strong><\/span><\/p>\n<p>Umsatzsteuer-Identifikationsnummer gem\u00e4\u00df \u00a727 a Umsatzsteuergesetz:<br \/>\nDE 292 814 874<\/p>\n<\/div><div class=\"fusion-clearfix\"><\/div><\/div><\/div><\/div><\/div><div class=\"fusion-fullwidth fullwidth-box fusion-builder-row-3 nonhundred-percent-fullwidth non-hundred-percent-height-scrolling\" style=\"--awb-border-radius-top-left:0px;--awb-border-radius-top-right:0px;--awb-border-radius-bottom-right:0px;--awb-border-radius-bottom-left:0px;--awb-padding-top:0px;--awb-padding-bottom:100px;--awb-flex-wrap:wrap;\" ><div class=\"fusion-builder-row fusion-row\"><div class=\"fusion-layout-column fusion_builder_column fusion-builder-column-2 fusion_builder_column_1_1 1_1 fusion-one-full fusion-column-first fusion-column-last\" style=\"--awb-bg-size:cover;\"><div class=\"fusion-column-wrapper fusion-flex-column-wrapper-legacy\"><div class=\"fusion-title title fusion-title-2 fusion-sep-none fusion-title-text fusion-title-size-two\" style=\"--awb-margin-top:0px;--awb-margin-bottom:40px;\"><h2 class=\"fusion-title-heading title-heading-left fusion-responsive-typography-calculated\" style=\"margin:0;--fontSize:35;line-height:1.29;\">HAFTUNGSAUSSCHLUSS (DISCLAIMER)<\/h2><\/div><div class=\"fusion-text fusion-text-7\"><p><span class=\"teaser\"><strong>Haftung f\u00fcr Inhalte<\/strong><\/span><\/p>\n<p>Als Diensteanbieter sind wir gem\u00e4\u00df \u00a7 7 Abs.1 TMG f\u00fcr eigene Inhalte auf diesen Seiten nach den allgemeinen Gesetzen verantwortlich. Nach \u00a7\u00a7 8 bis 10 TMG sind wir als Diensteanbieter jedoch nicht verpflichtet, \u00fcbermittelte oder gespeicherte fremde Informationen zu \u00fcberwachen oder nach Umst\u00e4nden zu forschen, die auf eine rechtswidrige T\u00e4tigkeit hinweisen. Verpflichtungen zur Entfernung oder Sperrung der Nutzung von Informationen nach den allgemeinen Gesetzen bleiben hiervon unber\u00fchrt. Eine diesbez\u00fcgliche Haftung ist jedoch erst ab dem Zeitpunkt der Kenntnis einer konkreten Rechtsverletzung m\u00f6glich. Bei Bekanntwerden von entsprechenden Rechtsverletzungen werden wir diese Inhalte umgehend entfernen.<\/p>\n<\/div><div class=\"fusion-sep-clear\"><\/div><div class=\"fusion-separator fusion-full-width-sep\" style=\"margin-left: auto;margin-right: auto;margin-top:0px;margin-bottom:40px;width:100%;\"><\/div><div class=\"fusion-sep-clear\"><\/div><div class=\"fusion-text fusion-text-8\"><p><span class=\"teaser\"><strong>Haftung f\u00fcr Links<\/strong><\/span><\/p>\n<p>Unser Angebot enth\u00e4lt Links zu externen Webseiten Dritter, auf deren Inhalte wir keinen Einfluss haben. Deshalb k\u00f6nnen wir f\u00fcr diese fremden Inhalte auch keine Gew\u00e4hr \u00fcbernehmen. F\u00fcr die Inhalte der verlinkten Seiten ist stets der jeweilige Anbieter oder Betreiber der Seiten verantwortlich. Die verlinkten Seiten wurden zum Zeitpunkt der Verlinkung auf m\u00f6gliche Rechtsverst\u00f6\u00dfe \u00fcberpr\u00fcft. Rechtswidrige Inhalte waren zum Zeitpunkt der Verlinkung nicht erkennbar. Eine permanente inhaltliche Kontrolle der verlinkten Seiten ist jedoch ohne konkrete Anhaltspunkte einer Rechtsverletzung nicht zumutbar. Bei Bekanntwerden von Rechtsverletzungen werden wir derartige Links umgehend entfernen.<\/p>\n<\/div><div class=\"fusion-sep-clear\"><\/div><div class=\"fusion-separator fusion-full-width-sep\" style=\"margin-left: auto;margin-right: auto;margin-top:0px;margin-bottom:40px;width:100%;\"><\/div><div class=\"fusion-sep-clear\"><\/div><div class=\"fusion-text fusion-text-9\"><p><span class=\"teaser\"><strong>Urheberrecht<\/strong><\/span><\/p>\n<p>Die durch die Seitenbetreiber erstellten Inhalte und Werke auf diesen Seiten unterliegen dem deutschen Urheberrecht. Die Vervielf\u00e4ltigung, Bearbeitung, Verbreitung und jede Art der Verwertung au\u00dferhalb der Grenzen des Urheberrechtes bed\u00fcrfen der schriftlichen Zustimmung des jeweiligen Autors bzw. Erstellers. Downloads und Kopien dieser Seite sind nur f\u00fcr den privaten, nicht kommerziellen Gebrauch gestattet. Soweit die Inhalte auf dieser Seite nicht vom Betreiber erstellt wurden, werden die Urheberrechte Dritter beachtet. Insbesondere werden Inhalte Dritter als solche gekennzeichnet. Sollten Sie trotzdem auf eine Urheberrechtsverletzung aufmerksam werden, bitten wir um einen entsprechenden Hinweis. Bei Bekanntwerden von Rechtsverletzungen werden wir derartige Inhalte umgehend entfernen.<\/p>\n<\/div><div class=\"fusion-clearfix\"><\/div><\/div><\/div><\/div><\/div><\/p>\n","protected":false},"excerpt":{"rendered":"","protected":false},"author":1,"featured_media":0,"parent":0,"menu_order":0,"comment_status":"closed","ping_status":"closed","template":"100-width.php","meta":{"_acf_changed":false,"footnotes":""},"class_list":["post-2755","page","type-page","status-publish","hentry"],"acf":[],"yoast_head":"<!-- This site is optimized with the Yoast SEO plugin v26.8 - https:\/\/yoast.com\/product\/yoast-seo-wordpress\/ -->\n<title>Y\u00ecnj\u00ec | C-P-S j\u00edtu\u00e1n<\/title>\n<meta name=\"description\" content=\"Y\u00ecnj\u00ec b\u0101oh\u00e1n C-P-S z\u01d4 de su\u01d2y\u01d2u zh\u00f2ngy\u00e0o sh\u00f9j\u00f9 y\u012bm\u00f9li\u01ceor\u00e1n.\" \/>\n<meta name=\"robots\" content=\"noindex, follow\" \/>\n<meta property=\"og:locale\" content=\"zh_CN\" \/>\n<meta property=\"og:type\" content=\"article\" \/>\n<meta property=\"og:title\" content=\"Y\u00ecnj\u00ec | C-P-S j\u00edtu\u00e1n\" \/>\n<meta property=\"og:description\" content=\"Y\u00ecnj\u00ec b\u0101oh\u00e1n C-P-S z\u01d4 de su\u01d2y\u01d2u zh\u00f2ngy\u00e0o sh\u00f9j\u00f9 y\u012bm\u00f9li\u01ceor\u00e1n.\" \/>\n<meta property=\"og:url\" content=\"https:\/\/c-p-s.de\/zh-hans\/yinji\/\" \/>\n<meta property=\"og:site_name\" content=\"C-P-S Group\" \/>\n<meta property=\"article:modified_time\" content=\"2019-09-10T14:03:01+00:00\" \/>\n<meta name=\"twitter:card\" content=\"summary_large_image\" \/>\n<script type=\"application\/ld+json\" class=\"yoast-schema-graph\">{\"@context\":\"https:\/\/schema.org\",\"@graph\":[{\"@type\":\"WebPage\",\"@id\":\"https:\/\/c-p-s.de\/zh-hans\/yinji\/\",\"url\":\"https:\/\/c-p-s.de\/zh-hans\/yinji\/\",\"name\":\"Y\u00ecnj\u00ec | C-P-S j\u00edtu\u00e1n\",\"isPartOf\":{\"@id\":\"https:\/\/c-p-s.de\/zh-hans\/#website\"},\"datePublished\":\"2018-04-11T16:48:56+00:00\",\"dateModified\":\"2019-09-10T14:03:01+00:00\",\"description\":\"Y\u00ecnj\u00ec b\u0101oh\u00e1n C-P-S z\u01d4 de su\u01d2y\u01d2u zh\u00f2ngy\u00e0o sh\u00f9j\u00f9 y\u012bm\u00f9li\u01ceor\u00e1n.\",\"breadcrumb\":{\"@id\":\"https:\/\/c-p-s.de\/zh-hans\/yinji\/#breadcrumb\"},\"inLanguage\":\"zh-Hans\",\"potentialAction\":[{\"@type\":\"ReadAction\",\"target\":[\"https:\/\/c-p-s.de\/zh-hans\/yinji\/\"]}]},{\"@type\":\"BreadcrumbList\",\"@id\":\"https:\/\/c-p-s.de\/zh-hans\/yinji\/#breadcrumb\",\"itemListElement\":[{\"@type\":\"ListItem\",\"position\":1,\"name\":\"Startseite\",\"item\":\"https:\/\/c-p-s.de\/zh-hans\/\"},{\"@type\":\"ListItem\",\"position\":2,\"name\":\"Y\u00ecnj\u00ec\"}]},{\"@type\":\"WebSite\",\"@id\":\"https:\/\/c-p-s.de\/zh-hans\/#website\",\"url\":\"https:\/\/c-p-s.de\/zh-hans\/\",\"name\":\"C-P-S Group\",\"description\":\"Consulting - Planning - Services\",\"publisher\":{\"@id\":\"https:\/\/c-p-s.de\/zh-hans\/#organization\"},\"potentialAction\":[{\"@type\":\"SearchAction\",\"target\":{\"@type\":\"EntryPoint\",\"urlTemplate\":\"https:\/\/c-p-s.de\/zh-hans\/?s={search_term_string}\"},\"query-input\":{\"@type\":\"PropertyValueSpecification\",\"valueRequired\":true,\"valueName\":\"search_term_string\"}}],\"inLanguage\":\"zh-Hans\"},{\"@type\":\"Organization\",\"@id\":\"https:\/\/c-p-s.de\/zh-hans\/#organization\",\"name\":\"C-P-S Holding GmbH & Co. KG\",\"url\":\"https:\/\/c-p-s.de\/zh-hans\/\",\"logo\":{\"@type\":\"ImageObject\",\"inLanguage\":\"zh-Hans\",\"@id\":\"https:\/\/c-p-s.de\/zh-hans\/#\/schema\/logo\/image\/\",\"url\":\"https:\/\/c-p-s.de\/wp-content\/uploads\/2018\/04\/cps_group_logo.jpg\",\"contentUrl\":\"https:\/\/c-p-s.de\/wp-content\/uploads\/2018\/04\/cps_group_logo.jpg\",\"width\":235,\"height\":58,\"caption\":\"C-P-S Holding GmbH & Co. KG\"},\"image\":{\"@id\":\"https:\/\/c-p-s.de\/zh-hans\/#\/schema\/logo\/image\/\"}}]}<\/script>\n<!-- \/ Yoast SEO plugin. -->","yoast_head_json":{"title":"Y\u00ecnj\u00ec | C-P-S j\u00edtu\u00e1n","description":"Y\u00ecnj\u00ec b\u0101oh\u00e1n C-P-S z\u01d4 de su\u01d2y\u01d2u zh\u00f2ngy\u00e0o sh\u00f9j\u00f9 y\u012bm\u00f9li\u01ceor\u00e1n.","robots":{"index":"noindex","follow":"follow"},"og_locale":"zh_CN","og_type":"article","og_title":"Y\u00ecnj\u00ec | C-P-S j\u00edtu\u00e1n","og_description":"Y\u00ecnj\u00ec b\u0101oh\u00e1n C-P-S z\u01d4 de su\u01d2y\u01d2u zh\u00f2ngy\u00e0o sh\u00f9j\u00f9 y\u012bm\u00f9li\u01ceor\u00e1n.","og_url":"https:\/\/c-p-s.de\/zh-hans\/yinji\/","og_site_name":"C-P-S Group","article_modified_time":"2019-09-10T14:03:01+00:00","twitter_card":"summary_large_image","schema":{"@context":"https:\/\/schema.org","@graph":[{"@type":"WebPage","@id":"https:\/\/c-p-s.de\/zh-hans\/yinji\/","url":"https:\/\/c-p-s.de\/zh-hans\/yinji\/","name":"Y\u00ecnj\u00ec | C-P-S j\u00edtu\u00e1n","isPartOf":{"@id":"https:\/\/c-p-s.de\/zh-hans\/#website"},"datePublished":"2018-04-11T16:48:56+00:00","dateModified":"2019-09-10T14:03:01+00:00","description":"Y\u00ecnj\u00ec b\u0101oh\u00e1n C-P-S z\u01d4 de su\u01d2y\u01d2u zh\u00f2ngy\u00e0o sh\u00f9j\u00f9 y\u012bm\u00f9li\u01ceor\u00e1n.","breadcrumb":{"@id":"https:\/\/c-p-s.de\/zh-hans\/yinji\/#breadcrumb"},"inLanguage":"zh-Hans","potentialAction":[{"@type":"ReadAction","target":["https:\/\/c-p-s.de\/zh-hans\/yinji\/"]}]},{"@type":"BreadcrumbList","@id":"https:\/\/c-p-s.de\/zh-hans\/yinji\/#breadcrumb","itemListElement":[{"@type":"ListItem","position":1,"name":"Startseite","item":"https:\/\/c-p-s.de\/zh-hans\/"},{"@type":"ListItem","position":2,"name":"Y\u00ecnj\u00ec"}]},{"@type":"WebSite","@id":"https:\/\/c-p-s.de\/zh-hans\/#website","url":"https:\/\/c-p-s.de\/zh-hans\/","name":"C-P-S Group","description":"Consulting - Planning - Services","publisher":{"@id":"https:\/\/c-p-s.de\/zh-hans\/#organization"},"potentialAction":[{"@type":"SearchAction","target":{"@type":"EntryPoint","urlTemplate":"https:\/\/c-p-s.de\/zh-hans\/?s={search_term_string}"},"query-input":{"@type":"PropertyValueSpecification","valueRequired":true,"valueName":"search_term_string"}}],"inLanguage":"zh-Hans"},{"@type":"Organization","@id":"https:\/\/c-p-s.de\/zh-hans\/#organization","name":"C-P-S Holding GmbH & Co. KG","url":"https:\/\/c-p-s.de\/zh-hans\/","logo":{"@type":"ImageObject","inLanguage":"zh-Hans","@id":"https:\/\/c-p-s.de\/zh-hans\/#\/schema\/logo\/image\/","url":"https:\/\/c-p-s.de\/wp-content\/uploads\/2018\/04\/cps_group_logo.jpg","contentUrl":"https:\/\/c-p-s.de\/wp-content\/uploads\/2018\/04\/cps_group_logo.jpg","width":235,"height":58,"caption":"C-P-S Holding GmbH & Co. KG"},"image":{"@id":"https:\/\/c-p-s.de\/zh-hans\/#\/schema\/logo\/image\/"}}]}},"_links":{"self":[{"href":"https:\/\/c-p-s.de\/zh-hans\/wp-json\/wp\/v2\/pages\/2755","targetHints":{"allow":["GET"]}}],"collection":[{"href":"https:\/\/c-p-s.de\/zh-hans\/wp-json\/wp\/v2\/pages"}],"about":[{"href":"https:\/\/c-p-s.de\/zh-hans\/wp-json\/wp\/v2\/types\/page"}],"author":[{"embeddable":true,"href":"https:\/\/c-p-s.de\/zh-hans\/wp-json\/wp\/v2\/users\/1"}],"replies":[{"embeddable":true,"href":"https:\/\/c-p-s.de\/zh-hans\/wp-json\/wp\/v2\/comments?post=2755"}],"version-history":[{"count":0,"href":"https:\/\/c-p-s.de\/zh-hans\/wp-json\/wp\/v2\/pages\/2755\/revisions"}],"wp:attachment":[{"href":"https:\/\/c-p-s.de\/zh-hans\/wp-json\/wp\/v2\/media?parent=2755"}],"curies":[{"name":"wp","href":"https:\/\/api.w.org\/{rel}","templated":true}]}}