{"id":4541,"date":"2019-03-13T17:18:17","date_gmt":"2019-03-13T16:18:17","guid":{"rendered":"https:\/\/c-p-s.de\/kariera\/was-wir-ihnen-bieten\/"},"modified":"2019-03-28T14:34:04","modified_gmt":"2019-03-28T13:34:04","slug":"co-vam-nabizime","status":"publish","type":"page","link":"https:\/\/c-p-s.de\/cs\/kariera\/co-vam-nabizime\/","title":{"rendered":"Co v\u00e1m nab\u00edz\u00edme"},"content":{"rendered":"<p><div class=\"fusion-fullwidth fullwidth-box fusion-builder-row-1 hundred-percent-fullwidth non-hundred-percent-height-scrolling fusion-page-title-bar\" style=\"--awb-border-radius-top-left:0px;--awb-border-radius-top-right:0px;--awb-border-radius-bottom-right:0px;--awb-border-radius-bottom-left:0px;--awb-background-color:#46535a;--awb-flex-wrap:wrap;\" ><div class=\"fusion-builder-row fusion-row\"><div class=\"fusion-layout-column fusion_builder_column fusion-builder-column-0 fusion_builder_column_1_1 1_1 fusion-one-full fusion-column-first fusion-column-last\" style=\"--awb-bg-size:cover;\"><div class=\"fusion-column-wrapper fusion-flex-column-wrapper-legacy\"><div class=\"fusion-title title fusion-title-1 fusion-sep-none fusion-title-center fusion-title-text fusion-title-size-one\" style=\"--awb-text-color:#ffffff;--awb-margin-top:0px;--awb-margin-bottom:0px;\"><h1 class=\"fusion-title-heading title-heading-center fusion-responsive-typography-calculated\" style=\"margin:0;--fontSize:40;line-height:1.38;\">Kari\u00e9ra u C-P-S Group<\/h1><\/div><div class=\"fusion-text fusion-text-1\"><div class=\"subtitle-wrapper\" style=\"text-align: center;\"><span class=\"subtitle\">Co V\u00e1m nab\u00edz\u00edme?<\/span><\/div>\n<\/div><div class=\"fusion-clearfix\"><\/div><\/div><\/div><\/div><\/div><div class=\"fusion-fullwidth fullwidth-box fusion-builder-row-2 hundred-percent-fullwidth non-hundred-percent-height-scrolling fusion-equal-height-columns\" style=\"--awb-border-radius-top-left:0px;--awb-border-radius-top-right:0px;--awb-border-radius-bottom-right:0px;--awb-border-radius-bottom-left:0px;--awb-padding-top:0px;--awb-padding-right:0px;--awb-padding-bottom:0px;--awb-padding-left:0px;--awb-flex-wrap:wrap;\" ><div class=\"fusion-builder-row fusion-row\"><div class=\"fusion-layout-column fusion_builder_column fusion-builder-column-1 fusion_builder_column_1_2 1_2 fusion-one-half fusion-column-first fusion-animated\" style=\"--awb-bg-position:center center;--awb-bg-size:cover;width:50%;width:calc(50% - ( ( 0 ) * 0.5 ) );margin-right: 0px;\" data-animationType=\"fadeInUp\" data-animationDuration=\"0.5\" data-animationOffset=\"top-into-view\"><div class=\"fusion-column-wrapper fusion-flex-column-wrapper-legacy\"><div class=\"fusion-image-element fusion-image-align-right in-legacy-container\" style=\"text-align:right;--awb-caption-title-font-family:var(--h2_typography-font-family);--awb-caption-title-font-weight:var(--h2_typography-font-weight);--awb-caption-title-font-style:var(--h2_typography-font-style);--awb-caption-title-size:var(--h2_typography-font-size);--awb-caption-title-transform:var(--h2_typography-text-transform);--awb-caption-title-line-height:var(--h2_typography-line-height);--awb-caption-title-letter-spacing:var(--h2_typography-letter-spacing);\"><span class=\" fusion-imageframe imageframe-none imageframe-1 hover-type-none\" style=\"margin-left:25px;float:right;\"><img decoding=\"async\" width=\"953\" height=\"757\" alt=\"C-P-S Karriere\" title=\"c-p-s-karriere-hero\" src=\"https:\/\/c-p-s.de\/wp-content\/uploads\/2019\/03\/c-p-s-karriere-hero.jpg\" class=\"img-responsive wp-image-4227\" srcset=\"https:\/\/c-p-s.de\/wp-content\/uploads\/2019\/03\/c-p-s-karriere-hero-200x159.jpg 200w, https:\/\/c-p-s.de\/wp-content\/uploads\/2019\/03\/c-p-s-karriere-hero-400x318.jpg 400w, https:\/\/c-p-s.de\/wp-content\/uploads\/2019\/03\/c-p-s-karriere-hero-600x477.jpg 600w, https:\/\/c-p-s.de\/wp-content\/uploads\/2019\/03\/c-p-s-karriere-hero-800x635.jpg 800w, https:\/\/c-p-s.de\/wp-content\/uploads\/2019\/03\/c-p-s-karriere-hero.jpg 953w\" sizes=\"(max-width: 1180px) 100vw, 800px\" \/><\/span><\/div><div class=\"fusion-clearfix\"><\/div><\/div><\/div><div class=\"fusion-layout-column fusion_builder_column fusion-builder-column-2 fusion_builder_column_1_2 1_2 fusion-one-half fusion-column-last fusion-animated\" style=\"--awb-padding-right:35%;--awb-padding-left:50px;--awb-bg-size:cover;width:50%;width:calc(50% - ( ( 0 ) * 0.5 ) );\" data-animationType=\"fadeInUp\" data-animationDuration=\"0.5\" data-animationOffset=\"top-into-view\"><div class=\"fusion-column-wrapper fusion-flex-column-wrapper-legacy\"><div class=\"fusion-column-content-centered\"><div class=\"fusion-column-content\"><div class=\"fusion-text fusion-text-2\"><p><strong><span class=\"highlight teasersmall uppercase\">Podnikov\u00e1 kultura<\/span><\/strong><\/p>\n<\/div><div class=\"fusion-sep-clear\"><\/div><div class=\"fusion-separator fusion-full-width-sep\" style=\"margin-left: auto;margin-right: auto;margin-top:0px;margin-bottom:30px;width:100%;\"><\/div><div class=\"fusion-sep-clear\"><\/div><div class=\"fusion-title title fusion-title-2 fusion-sep-none fusion-title-text fusion-title-size-two\" style=\"--awb-margin-top:0px;--awb-margin-bottom:0px;\"><h2 class=\"fusion-title-heading title-heading-left fusion-responsive-typography-calculated\" style=\"margin:0;--fontSize:35;line-height:1.29;\">Nastoupit. P\u0159ij\u00edt. C\u00edtit se dob\u0159e.<\/h2><\/div><div class=\"fusion-sep-clear\"><\/div><div class=\"fusion-separator fusion-full-width-sep\" style=\"margin-left: auto;margin-right: auto;margin-top:0px;margin-bottom:30px;width:100%;\"><\/div><div class=\"fusion-sep-clear\"><\/div><div class=\"fusion-text fusion-text-3\"><p>Sladit na\u0161e t\u00fdmy &#8211; jen tak zvl\u00e1dneme ka\u017ed\u00fdm dnem dosahovat t\u011bch nejlep\u0161\u00edch v\u00fdkon\u016f. N\u00e1stup do na\u0161ich t\u00fdm\u016f je individu\u00e1ln\u00ed, s ohledem<br \/>\nna praxi. Vedle odborn\u00e9ho zapracov\u00e1n\u00ed je V\u00e1m b\u011bhem prvn\u00edch \u0161esti m\u011bs\u00edc\u016f tak\u00e9 k dispozici osobn\u00ed poradce &#8211; V\u00e1\u0161 sparring partner, kter\u00fd V\u00e1m zodpov\u00ed v\u0161echny Va\u0161e dotazy. Na na\u0161ich pracovi\u0161t\u00edch m\u00e1te mo\u017enost sezn\u00e1mit se<br \/>\ns dal\u0161\u00edmi kolegy.<\/p>\n<\/div><\/div><\/div><div class=\"fusion-clearfix\"><\/div><\/div><\/div><\/div><\/div><div class=\"fusion-fullwidth fullwidth-box fusion-builder-row-3 fusion-parallax-fixed nonhundred-percent-fullwidth non-hundred-percent-height-scrolling fusion-equal-height-columns nobg\" style=\"--awb-background-position:center top;--awb-border-radius-top-left:0px;--awb-border-radius-top-right:0px;--awb-border-radius-bottom-right:0px;--awb-border-radius-bottom-left:0px;--awb-padding-top:150px;--awb-padding-bottom:150px;--awb-background-image:url(&quot;https:\/\/c-p-s.de\/wp-content\/uploads\/2019\/03\/background-karriere-bg.jpg&quot;);--awb-background-size:cover;--awb-flex-wrap:wrap;background-attachment:fixed;\" ><div class=\"fusion-builder-row fusion-row\"><div class=\"fusion-layout-column fusion_builder_column fusion-builder-column-3 fusion_builder_column_1_1 1_1 fusion-one-full fusion-column-first fusion-column-last fusion-column-no-min-height fusion-animated\" style=\"--awb-padding-right:5%;--awb-padding-left:5%;--awb-bg-size:cover;\" data-animationType=\"fadeInUp\" data-animationDuration=\"0.5\" data-animationOffset=\"top-into-view\"><div class=\"fusion-column-wrapper fusion-flex-column-wrapper-legacy\"><div class=\"fusion-text fusion-text-4\"><p style=\"text-align: center;\"><strong><span class=\"highlight teasersmall uppercase\">C-P-S CamPuS<\/span><\/strong><\/p>\n<\/div><div class=\"fusion-sep-clear\"><\/div><div class=\"fusion-separator fusion-full-width-sep\" style=\"margin-left: auto;margin-right: auto;margin-top:0px;margin-bottom:30px;width:100%;\"><\/div><div class=\"fusion-sep-clear\"><\/div><div class=\"fusion-title title fusion-title-3 fusion-sep-none fusion-title-center fusion-title-text fusion-title-size-two\" style=\"--awb-margin-top:0px;--awb-margin-bottom:0px;\"><h2 class=\"fusion-title-heading title-heading-center fusion-responsive-typography-calculated\" style=\"margin:0;--fontSize:35;line-height:1.29;\"><span class=\"whitetxt\">Investujeme do V\u00e1s.<\/span><\/h2><\/div><div class=\"fusion-sep-clear\"><\/div><div class=\"fusion-separator fusion-full-width-sep\" style=\"margin-left: auto;margin-right: auto;margin-top:0px;margin-bottom:30px;width:100%;\"><\/div><div class=\"fusion-sep-clear\"><\/div><div class=\"fusion-text fusion-text-5 padding-7\"><p style=\"text-align: center;\"><span class=\"whitetxt\">U n\u00e1s se m\u016f\u017eete rozv\u00edjet v r\u00e1mci na\u0161ich kari\u00e9rn\u00edch program\u016f<br \/>\nve t\u0159ech r\u016fzn\u00fdch sm\u011brech. Bu\u010f se stanete experty ve Va\u0161em sou\u010dasn\u00e9m oboru, nebo vybudujete kari\u00e9ru v managementu: v oblasti \u0159\u00edzen\u00ed odbytu nebo \u0159\u00edzen\u00ed odborn\u00fdch \u010dinnost\u00ed.<\/span><\/p>\n<\/div><div class=\"fusion-clearfix\"><\/div><\/div><\/div><\/div><\/div><div class=\"fusion-fullwidth fullwidth-box fusion-builder-row-4 hundred-percent-fullwidth non-hundred-percent-height-scrolling fusion-equal-height-columns\" style=\"--awb-border-radius-top-left:0px;--awb-border-radius-top-right:0px;--awb-border-radius-bottom-right:0px;--awb-border-radius-bottom-left:0px;--awb-padding-top:0px;--awb-padding-right:0px;--awb-padding-bottom:0px;--awb-padding-left:0px;--awb-flex-wrap:wrap;\" ><div class=\"fusion-builder-row fusion-row\"><div class=\"fusion-layout-column fusion_builder_column fusion-builder-column-4 fusion_builder_column_1_2 1_2 fusion-one-half fusion-column-first\" style=\"--awb-padding-top:150px;--awb-padding-right:50px;--awb-padding-bottom:150px;--awb-padding-left:35%;--awb-bg-size:cover;width:50%;width:calc(50% - ( ( 0 ) * 0.5 ) );margin-right: 0px;\"><div class=\"fusion-column-wrapper fusion-flex-column-wrapper-legacy\"><div class=\"fusion-column-content-centered\"><div class=\"fusion-column-content\"><div class=\"fusion-text fusion-text-6\"><p><strong><span class=\"highlight teasersmall uppercase\">Kari\u00e9ra<\/span><\/strong><\/p>\n<\/div><div class=\"fusion-sep-clear\"><\/div><div class=\"fusion-separator fusion-full-width-sep\" style=\"margin-left: auto;margin-right: auto;margin-top:0px;margin-bottom:30px;width:100%;\"><\/div><div class=\"fusion-sep-clear\"><\/div><div class=\"fusion-title title fusion-title-4 fusion-sep-none fusion-title-text fusion-title-size-two\" style=\"--awb-margin-top:0px;--awb-margin-bottom:0px;\"><h2 class=\"fusion-title-heading title-heading-left fusion-responsive-typography-calculated\" style=\"margin:0;--fontSize:35;line-height:1.29;\">Rosteme s na\u0161imi zam\u011bstnanci.<\/h2><\/div><div class=\"fusion-sep-clear\"><\/div><div class=\"fusion-separator fusion-full-width-sep\" style=\"margin-left: auto;margin-right: auto;margin-top:0px;margin-bottom:30px;width:100%;\"><\/div><div class=\"fusion-sep-clear\"><\/div><div class=\"fusion-text fusion-text-7\"><p>U n\u00e1s se m\u016f\u017eete rozv\u00edjet v r\u00e1mci na\u0161ich kari\u00e9rn\u00edch program\u016f ve t\u0159ech r\u016fzn\u00fdch sm\u011brech. Bu\u010f se stanete experty ve Va\u0161em sou\u010dasn\u00e9m oboru, nebo vybuduje kari\u00e9ru v managementu: v oblasti \u0159\u00edzen\u00ed odbytu nebo \u0159\u00edzen\u00ed odborn\u00fdch \u010dinnost\u00ed.<\/p>\n<\/div><\/div><\/div><div class=\"fusion-clearfix\"><\/div><\/div><\/div><div class=\"fusion-layout-column fusion_builder_column fusion-builder-column-5 fusion_builder_column_1_2 1_2 fusion-one-half fusion-column-last\" style=\"--awb-padding-left:50px;--awb-bg-position:center center;--awb-bg-size:cover;width:50%;width:calc(50% - ( ( 0 ) * 0.5 ) );\"><div class=\"fusion-column-wrapper fusion-flex-column-wrapper-legacy\"><div class=\"fusion-column-content-centered\"><div class=\"fusion-column-content\"><div class=\"fusion-image-element fusion-image-align-left in-legacy-container\" style=\"text-align:left;--awb-caption-title-font-family:var(--h2_typography-font-family);--awb-caption-title-font-weight:var(--h2_typography-font-weight);--awb-caption-title-font-style:var(--h2_typography-font-style);--awb-caption-title-size:var(--h2_typography-font-size);--awb-caption-title-transform:var(--h2_typography-text-transform);--awb-caption-title-line-height:var(--h2_typography-line-height);--awb-caption-title-letter-spacing:var(--h2_typography-letter-spacing);\"><span class=\" fusion-imageframe imageframe-none imageframe-2 hover-type-none\" style=\"margin-right:25px;float:left;\"><img decoding=\"async\" width=\"600\" height=\"321\" alt=\"C-P-S Icon Karriere\" title=\"c-p-s-karriere-grafik\" src=\"https:\/\/c-p-s.de\/wp-content\/uploads\/2019\/03\/c-p-s-karriere-grafik.jpg\" class=\"img-responsive wp-image-4244\" srcset=\"https:\/\/c-p-s.de\/wp-content\/uploads\/2019\/03\/c-p-s-karriere-grafik-200x107.jpg 200w, https:\/\/c-p-s.de\/wp-content\/uploads\/2019\/03\/c-p-s-karriere-grafik-400x214.jpg 400w, https:\/\/c-p-s.de\/wp-content\/uploads\/2019\/03\/c-p-s-karriere-grafik.jpg 600w\" sizes=\"(max-width: 1180px) 100vw, 600px\" \/><\/span><\/div><\/div><\/div><div class=\"fusion-clearfix\"><\/div><\/div><\/div><\/div><\/div><div class=\"fusion-fullwidth fullwidth-box fusion-builder-row-5 nonhundred-percent-fullwidth non-hundred-percent-height-scrolling teasertxt\" style=\"--awb-border-radius-top-left:0px;--awb-border-radius-top-right:0px;--awb-border-radius-bottom-right:0px;--awb-border-radius-bottom-left:0px;--awb-padding-top:80px;--awb-padding-bottom:80px;--awb-background-color:#dcdcdc;--awb-flex-wrap:wrap;\" ><div class=\"fusion-builder-row fusion-row\"><div class=\"fusion-layout-column fusion_builder_column fusion-builder-column-6 fusion_builder_column_1_1 1_1 fusion-one-full fusion-column-first fusion-column-last fusion-animated\" style=\"--awb-bg-size:cover;\" data-animationType=\"fadeInUp\" data-animationDuration=\"0.5\" data-animationOffset=\"top-into-view\"><div class=\"fusion-column-wrapper fusion-flex-column-wrapper-legacy\"><div class=\"fusion-text fusion-text-8\"><p style=\"text-align: center;\">Na\u0161i \u00falohu zam\u011bstnavatele bereme velmi v\u00e1\u017en\u011b. Na\u0161e \u010dinnost je n\u00e1ro\u010dn\u00e1 a vy\u017eaduje odpov\u00eddaj\u00edc\u00ed prost\u0159ed\u00ed a podm\u00ednky. Tomuto c\u00edli se v\u011bnujeme denn\u011b a na v\u0161ech \u00farovn\u00edch.<\/p>\n<\/div><div class=\"fusion-clearfix\"><\/div><\/div><\/div><\/div><\/div><div class=\"fusion-fullwidth fullwidth-box fusion-builder-row-6 hundred-percent-fullwidth non-hundred-percent-height-scrolling fusion-equal-height-columns\" style=\"--awb-border-radius-top-left:0px;--awb-border-radius-top-right:0px;--awb-border-radius-bottom-right:0px;--awb-border-radius-bottom-left:0px;--awb-padding-top:0px;--awb-padding-right:0px;--awb-padding-bottom:0px;--awb-padding-left:0px;--awb-background-color:#ffffff;--awb-flex-wrap:wrap;\" id=\"stop-block\" ><div class=\"fusion-builder-row fusion-row\"><div class=\"fusion-layout-column fusion_builder_column fusion-builder-column-7 fusion_builder_column_1_2 1_2 fusion-one-half fusion-column-first\" style=\"--awb-bg-position:center center;--awb-bg-size:cover;width:50%;width:calc(50% - ( ( 0 ) * 0.5 ) );margin-right: 0px;\"><div class=\"fusion-column-wrapper fusion-flex-column-wrapper-legacy\"><div class=\"fusion-image-element fusion-image-align-right in-legacy-container\" style=\"text-align:right;--awb-caption-title-font-family:var(--h2_typography-font-family);--awb-caption-title-font-weight:var(--h2_typography-font-weight);--awb-caption-title-font-style:var(--h2_typography-font-style);--awb-caption-title-size:var(--h2_typography-font-size);--awb-caption-title-transform:var(--h2_typography-text-transform);--awb-caption-title-line-height:var(--h2_typography-line-height);--awb-caption-title-letter-spacing:var(--h2_typography-letter-spacing);\"><span class=\" fusion-imageframe imageframe-none imageframe-3 hover-type-none\" style=\"margin-left:25px;float:right;\"><img decoding=\"async\" width=\"894\" height=\"1024\" src=\"https:\/\/c-p-s.de\/wp-content\/uploads\/2019\/03\/c-p-s-czech-veronika.jpg\" alt class=\"img-responsive wp-image-4521\" srcset=\"https:\/\/c-p-s.de\/wp-content\/uploads\/2019\/03\/c-p-s-czech-veronika-200x229.jpg 200w, https:\/\/c-p-s.de\/wp-content\/uploads\/2019\/03\/c-p-s-czech-veronika-400x458.jpg 400w, https:\/\/c-p-s.de\/wp-content\/uploads\/2019\/03\/c-p-s-czech-veronika-600x687.jpg 600w, https:\/\/c-p-s.de\/wp-content\/uploads\/2019\/03\/c-p-s-czech-veronika-800x916.jpg 800w, https:\/\/c-p-s.de\/wp-content\/uploads\/2019\/03\/c-p-s-czech-veronika.jpg 894w\" sizes=\"(max-width: 1180px) 100vw, 800px\" \/><\/span><\/div><div class=\"fusion-clearfix\"><\/div><\/div><\/div><div class=\"fusion-layout-column fusion_builder_column fusion-builder-column-8 fusion_builder_column_1_2 1_2 fusion-one-half fusion-column-last contact-details\" style=\"--awb-padding-top:50px;--awb-padding-right:50px;--awb-padding-bottom:50px;--awb-padding-left:50px;--awb-bg-size:cover;width:50%;width:calc(50% - ( ( 0 ) * 0.5 ) );\"><div class=\"fusion-column-wrapper fusion-flex-column-wrapper-legacy\"><div class=\"fusion-column-content-centered\"><div class=\"fusion-column-content\"><div class=\"fusion-title title fusion-title-5 fusion-sep-none fusion-title-text fusion-title-size-two\" style=\"--awb-margin-top:0px;--awb-margin-bottom:0px;\"><h2 class=\"fusion-title-heading title-heading-left fusion-responsive-typography-calculated\" style=\"margin:0;--fontSize:35;line-height:1.29;\">M\u00e1te ot\u00e1zky?<\/h2><\/div><div class=\"fusion-text fusion-text-9\"><p>T\u011b\u0161\u00edm se na Va\u0161i zpr\u00e1vu.<\/p>\n<\/div><div class=\"fusion-sep-clear\"><\/div><div class=\"fusion-separator fusion-full-width-sep\" style=\"margin-left: auto;margin-right: auto;margin-top:0px;margin-bottom:30px;width:100%;\"><\/div><div class=\"fusion-sep-clear\"><\/div><div class=\"fusion-title title fusion-title-6 fusion-sep-none fusion-title-text fusion-title-size-three\" style=\"--awb-margin-top:0px;--awb-margin-bottom:0px;\"><h3 class=\"fusion-title-heading title-heading-left fusion-responsive-typography-calculated\" style=\"margin:0;--fontSize:20;--minFontSize:20;line-height:1.2;\">Veronika Macha\u010dov\u00e1<\/h3><\/div><div class=\"fusion-sep-clear\"><\/div><div class=\"fusion-separator fusion-clearfix\" style=\"float:left;margin-top:10px;margin-bottom:10px;width:100%;max-width:70px;\"><div class=\"fusion-separator-border sep-single sep-solid\" style=\"--awb-height:20px;--awb-amount:20px;--awb-sep-color:#abb148;border-color:#abb148;border-top-width:5px;\"><\/div><\/div><div class=\"fusion-sep-clear\"><\/div><div class=\"fusion-text fusion-text-10\"><p>personalistka<\/p>\n<p>Mobiln\u00ed: +420 725 062 098<br \/>\nE-Mail: <a href=\"mailto:veronika.machacova@c-p-s.de\">Veronika.machacova@c-p-s.de<\/a><\/p>\n<\/div><div class=\"fusion-sep-clear\"><\/div><div class=\"fusion-separator fusion-full-width-sep\" style=\"margin-left: auto;margin-right: auto;margin-top:0px;margin-bottom:30px;width:100%;\"><\/div><div class=\"fusion-sep-clear\"><\/div><div class=\"fusion-alignleft\"><a class=\"fusion-button button-flat fusion-button-default-size button-default fusion-button-default button-1 fusion-button-default-span fusion-button-default-type\" target=\"_blank\" rel=\"noopener noreferrer\" title=\"Kontaktujte n\u00e1s\" aria-label=\"Kontaktujte n\u00e1s\" href=\"mailto:veronika.machacova@c-p-s.de\"><span class=\"fusion-button-text awb-button__text awb-button__text--default\">Kontaktujte n\u00e1s<\/span><\/a><\/div><\/div><\/div><div class=\"fusion-clearfix\"><\/div><\/div><\/div><\/div><\/div>\n<\/p>\n","protected":false},"excerpt":{"rendered":"","protected":false},"author":1,"featured_media":0,"parent":4519,"menu_order":0,"comment_status":"closed","ping_status":"closed","template":"100-width.php","meta":{"_acf_changed":false,"footnotes":""},"class_list":["post-4541","page","type-page","status-publish","hentry"],"acf":[],"yoast_head":"<!-- This site is optimized with the Yoast SEO plugin v26.8 - https:\/\/yoast.com\/product\/yoast-seo-wordpress\/ -->\n<title>Co v\u00e1m nab\u00edz\u00edme - C-P-S Group<\/title>\n<meta name=\"robots\" content=\"index, follow, max-snippet:-1, max-image-preview:large, max-video-preview:-1\" \/>\n<link rel=\"canonical\" href=\"https:\/\/c-p-s.de\/cs\/kariera\/co-vam-nabizime\/\" \/>\n<meta property=\"og:locale\" content=\"cs_CZ\" \/>\n<meta property=\"og:type\" content=\"article\" \/>\n<meta property=\"og:title\" content=\"Co v\u00e1m nab\u00edz\u00edme - C-P-S Group\" \/>\n<meta property=\"og:url\" content=\"https:\/\/c-p-s.de\/cs\/kariera\/co-vam-nabizime\/\" \/>\n<meta property=\"og:site_name\" content=\"C-P-S Group\" \/>\n<meta property=\"article:modified_time\" content=\"2019-03-28T13:34:04+00:00\" \/>\n<meta name=\"twitter:card\" content=\"summary_large_image\" \/>\n<script type=\"application\/ld+json\" class=\"yoast-schema-graph\">{\"@context\":\"https:\/\/schema.org\",\"@graph\":[{\"@type\":\"WebPage\",\"@id\":\"https:\/\/c-p-s.de\/cs\/kariera\/co-vam-nabizime\/\",\"url\":\"https:\/\/c-p-s.de\/cs\/kariera\/co-vam-nabizime\/\",\"name\":\"Co v\u00e1m nab\u00edz\u00edme - C-P-S Group\",\"isPartOf\":{\"@id\":\"https:\/\/c-p-s.de\/cs\/#website\"},\"datePublished\":\"2019-03-13T16:18:17+00:00\",\"dateModified\":\"2019-03-28T13:34:04+00:00\",\"breadcrumb\":{\"@id\":\"https:\/\/c-p-s.de\/cs\/kariera\/co-vam-nabizime\/#breadcrumb\"},\"inLanguage\":\"cs\",\"potentialAction\":[{\"@type\":\"ReadAction\",\"target\":[\"https:\/\/c-p-s.de\/cs\/kariera\/co-vam-nabizime\/\"]}]},{\"@type\":\"BreadcrumbList\",\"@id\":\"https:\/\/c-p-s.de\/cs\/kariera\/co-vam-nabizime\/#breadcrumb\",\"itemListElement\":[{\"@type\":\"ListItem\",\"position\":1,\"name\":\"Startseite\",\"item\":\"https:\/\/c-p-s.de\/cs\/\"},{\"@type\":\"ListItem\",\"position\":2,\"name\":\"Kari\u00e9ra\",\"item\":\"https:\/\/c-p-s.de\/cs\/kariera\/\"},{\"@type\":\"ListItem\",\"position\":3,\"name\":\"Co v\u00e1m nab\u00edz\u00edme\"}]},{\"@type\":\"WebSite\",\"@id\":\"https:\/\/c-p-s.de\/cs\/#website\",\"url\":\"https:\/\/c-p-s.de\/cs\/\",\"name\":\"C-P-S Group\",\"description\":\"Consulting - Planning - Services\",\"publisher\":{\"@id\":\"https:\/\/c-p-s.de\/cs\/#organization\"},\"potentialAction\":[{\"@type\":\"SearchAction\",\"target\":{\"@type\":\"EntryPoint\",\"urlTemplate\":\"https:\/\/c-p-s.de\/cs\/?s={search_term_string}\"},\"query-input\":{\"@type\":\"PropertyValueSpecification\",\"valueRequired\":true,\"valueName\":\"search_term_string\"}}],\"inLanguage\":\"cs\"},{\"@type\":\"Organization\",\"@id\":\"https:\/\/c-p-s.de\/cs\/#organization\",\"name\":\"C-P-S Holding GmbH & Co. KG\",\"url\":\"https:\/\/c-p-s.de\/cs\/\",\"logo\":{\"@type\":\"ImageObject\",\"inLanguage\":\"cs\",\"@id\":\"https:\/\/c-p-s.de\/cs\/#\/schema\/logo\/image\/\",\"url\":\"https:\/\/c-p-s.de\/wp-content\/uploads\/2018\/04\/cps_group_logo.jpg\",\"contentUrl\":\"https:\/\/c-p-s.de\/wp-content\/uploads\/2018\/04\/cps_group_logo.jpg\",\"width\":235,\"height\":58,\"caption\":\"C-P-S Holding GmbH & Co. KG\"},\"image\":{\"@id\":\"https:\/\/c-p-s.de\/cs\/#\/schema\/logo\/image\/\"}}]}<\/script>\n<!-- \/ Yoast SEO plugin. -->","yoast_head_json":{"title":"Co v\u00e1m nab\u00edz\u00edme - C-P-S Group","robots":{"index":"index","follow":"follow","max-snippet":"max-snippet:-1","max-image-preview":"max-image-preview:large","max-video-preview":"max-video-preview:-1"},"canonical":"https:\/\/c-p-s.de\/cs\/kariera\/co-vam-nabizime\/","og_locale":"cs_CZ","og_type":"article","og_title":"Co v\u00e1m nab\u00edz\u00edme - C-P-S Group","og_url":"https:\/\/c-p-s.de\/cs\/kariera\/co-vam-nabizime\/","og_site_name":"C-P-S Group","article_modified_time":"2019-03-28T13:34:04+00:00","twitter_card":"summary_large_image","schema":{"@context":"https:\/\/schema.org","@graph":[{"@type":"WebPage","@id":"https:\/\/c-p-s.de\/cs\/kariera\/co-vam-nabizime\/","url":"https:\/\/c-p-s.de\/cs\/kariera\/co-vam-nabizime\/","name":"Co v\u00e1m nab\u00edz\u00edme - C-P-S Group","isPartOf":{"@id":"https:\/\/c-p-s.de\/cs\/#website"},"datePublished":"2019-03-13T16:18:17+00:00","dateModified":"2019-03-28T13:34:04+00:00","breadcrumb":{"@id":"https:\/\/c-p-s.de\/cs\/kariera\/co-vam-nabizime\/#breadcrumb"},"inLanguage":"cs","potentialAction":[{"@type":"ReadAction","target":["https:\/\/c-p-s.de\/cs\/kariera\/co-vam-nabizime\/"]}]},{"@type":"BreadcrumbList","@id":"https:\/\/c-p-s.de\/cs\/kariera\/co-vam-nabizime\/#breadcrumb","itemListElement":[{"@type":"ListItem","position":1,"name":"Startseite","item":"https:\/\/c-p-s.de\/cs\/"},{"@type":"ListItem","position":2,"name":"Kari\u00e9ra","item":"https:\/\/c-p-s.de\/cs\/kariera\/"},{"@type":"ListItem","position":3,"name":"Co v\u00e1m nab\u00edz\u00edme"}]},{"@type":"WebSite","@id":"https:\/\/c-p-s.de\/cs\/#website","url":"https:\/\/c-p-s.de\/cs\/","name":"C-P-S Group","description":"Consulting - Planning - Services","publisher":{"@id":"https:\/\/c-p-s.de\/cs\/#organization"},"potentialAction":[{"@type":"SearchAction","target":{"@type":"EntryPoint","urlTemplate":"https:\/\/c-p-s.de\/cs\/?s={search_term_string}"},"query-input":{"@type":"PropertyValueSpecification","valueRequired":true,"valueName":"search_term_string"}}],"inLanguage":"cs"},{"@type":"Organization","@id":"https:\/\/c-p-s.de\/cs\/#organization","name":"C-P-S Holding GmbH & Co. KG","url":"https:\/\/c-p-s.de\/cs\/","logo":{"@type":"ImageObject","inLanguage":"cs","@id":"https:\/\/c-p-s.de\/cs\/#\/schema\/logo\/image\/","url":"https:\/\/c-p-s.de\/wp-content\/uploads\/2018\/04\/cps_group_logo.jpg","contentUrl":"https:\/\/c-p-s.de\/wp-content\/uploads\/2018\/04\/cps_group_logo.jpg","width":235,"height":58,"caption":"C-P-S Holding GmbH & Co. KG"},"image":{"@id":"https:\/\/c-p-s.de\/cs\/#\/schema\/logo\/image\/"}}]}},"_links":{"self":[{"href":"https:\/\/c-p-s.de\/cs\/wp-json\/wp\/v2\/pages\/4541","targetHints":{"allow":["GET"]}}],"collection":[{"href":"https:\/\/c-p-s.de\/cs\/wp-json\/wp\/v2\/pages"}],"about":[{"href":"https:\/\/c-p-s.de\/cs\/wp-json\/wp\/v2\/types\/page"}],"author":[{"embeddable":true,"href":"https:\/\/c-p-s.de\/cs\/wp-json\/wp\/v2\/users\/1"}],"replies":[{"embeddable":true,"href":"https:\/\/c-p-s.de\/cs\/wp-json\/wp\/v2\/comments?post=4541"}],"version-history":[{"count":0,"href":"https:\/\/c-p-s.de\/cs\/wp-json\/wp\/v2\/pages\/4541\/revisions"}],"up":[{"embeddable":true,"href":"https:\/\/c-p-s.de\/cs\/wp-json\/wp\/v2\/pages\/4519"}],"wp:attachment":[{"href":"https:\/\/c-p-s.de\/cs\/wp-json\/wp\/v2\/media?parent=4541"}],"curies":[{"name":"wp","href":"https:\/\/api.w.org\/{rel}","templated":true}]}}