{"id":3709,"date":"2018-04-11T18:57:43","date_gmt":"2018-04-11T16:57:43","guid":{"rendered":"https:\/\/c-p-s.de\/podnik\/about-us\/"},"modified":"2018-10-18T11:26:54","modified_gmt":"2018-10-18T09:26:54","slug":"o-nas","status":"publish","type":"page","link":"https:\/\/c-p-s.de\/cs\/podnik\/o-nas\/","title":{"rendered":"O n\u00e1s"},"content":{"rendered":"<p><div class=\"fusion-fullwidth fullwidth-box fusion-builder-row-1 hundred-percent-fullwidth non-hundred-percent-height-scrolling\" style=\"--awb-border-radius-top-left:0px;--awb-border-radius-top-right:0px;--awb-border-radius-bottom-right:0px;--awb-border-radius-bottom-left:0px;--awb-padding-top:0px;--awb-padding-right:0px;--awb-padding-bottom:0px;--awb-padding-left:0px;--awb-background-color:#46535a;--awb-flex-wrap:wrap;\" ><div class=\"fusion-builder-row fusion-row\"><div class=\"fusion-layout-column fusion_builder_column fusion-builder-column-0 fusion_builder_column_1_1 1_1 fusion-one-full fusion-column-first fusion-column-last\" style=\"--awb-bg-size:cover;\"><div class=\"fusion-column-wrapper fusion-flex-column-wrapper-legacy\"><div id=\"fancyslider\" class=\"carousel slide fancyslider fancy-slider\" data-ride=\"false\"><div class=\"carousel-inner\" role=\"listbox\"><div class=\"item  active\"><div class=\"fancysliderimage\"><img decoding=\"async\" src=\"https:\/\/c-p-s.de\/wp-content\/uploads\/2018\/08\/Grafiken_Header_Wer-weir-sind-1.jpg\" alt=\"\" \/><\/div><div class=\"carousel-caption\"><div class=\"carousel-caption-inner\"><p><strong><span class=\"highlight teasersmall uppercase\"><h1 style=\"color:#abb148;font-size:16px;line-height: 20px;\">O n\u00e1s<\/h1><\/span><\/strong><\/p><div class=\"slider-title\"><span class=\"whitetxt\">To, co n\u00e1s vede, je na\u0161e vize. Na\u0161i zam\u011bstnanci jsou z\u00e1kladn\u00edm prvkem t\u00e9to vize.<\/span><\/div><div class=\"fusion-fullwidth fullwidth-box fusion-builder-row-1-1 nonhundred-percent-fullwidth non-hundred-percent-height-scrolling\" style=\"--awb-border-radius-top-left:0px;--awb-border-radius-top-right:0px;--awb-border-radius-bottom-right:0px;--awb-border-radius-bottom-left:0px;--awb-flex-wrap:wrap;\" ><div class=\"fusion-builder-row fusion-row\"><div class=\"fusion-layout-column fusion_builder_column fusion-builder-column-1 fusion_builder_column_1_1 1_1 fusion-one-full fusion-column-first fusion-column-last\" style=\"--awb-bg-size:cover;\"><div class=\"fusion-column-wrapper fusion-flex-column-wrapper-legacy\"><div class=\"fusion-text fusion-text-1\"><p>Na\u0161\u00ed filozofi\u00ed je sna\u017eit se uspokojit individu\u00e1ln\u00ed pot\u0159eby na\u0161ich koleg\u016f. D\u00e1le se sna\u017e\u00edme zajistit, aby komunikace byla v\u017edy jasn\u00e1 a otev\u0159en\u00e1 a aby v\u0161echny probl\u00e9my byly vy\u0159e\u0161eny profesion\u00e1ln\u00edm zp\u016fsobem.<\/p>\n<\/div><div class=\"fusion-clearfix\"><\/div><\/div><\/div><\/div><\/div><\/div><\/div><\/div><\/div><\/div><div class=\"fusion-clearfix\"><\/div><\/div><\/div><\/div><\/div><div class=\"fusion-fullwidth fullwidth-box fusion-builder-row-2 nonhundred-percent-fullwidth non-hundred-percent-height-scrolling\" style=\"--awb-border-radius-top-left:0px;--awb-border-radius-top-right:0px;--awb-border-radius-bottom-right:0px;--awb-border-radius-bottom-left:0px;--awb-padding-top:100px;--awb-padding-bottom:100px;--awb-flex-wrap:wrap;\" ><div class=\"fusion-builder-row fusion-row\"><div class=\"fusion-layout-column fusion_builder_column fusion-builder-column-2 fusion_builder_column_1_1 1_1 fusion-one-full fusion-column-first fusion-column-last\" style=\"--awb-bg-size:cover;\"><div class=\"fusion-column-wrapper fusion-flex-column-wrapper-legacy\"><div class=\"fusion-title title fusion-title-1 fusion-sep-none fusion-title-text fusion-title-size-two\" style=\"--awb-margin-top:0px;--awb-margin-bottom:40px;--awb-margin-top-small:0px;--awb-margin-right-small:0px;--awb-margin-bottom-small:20px;--awb-margin-left-small:0px;\"><h2 class=\"fusion-title-heading title-heading-left fusion-responsive-typography-calculated\" style=\"margin:0;--fontSize:35;line-height:1.29;\">Kdo jsme?<\/h2><\/div><div class=\"fusion-text fusion-text-2\"><p>Skupina CPS je nez\u00e1visl\u00e1, st\u0159edn\u011b velkou spole\u010dnost\u00ed \u0159\u00edzen\u00e1 vlastn\u00edky zam\u011b\u0159enou na automobilov\u00fd pr\u016fmysl a stavebn\u00ed firmy. \u00dasp\u011b\u0161n\u011b vyr\u00e1b\u00edme mezin\u00e1rodn\u00ed projekty v oblasti tov\u00e1rn\u00edho, v\u00fdrobn\u00edho a logistick\u00e9ho pl\u00e1nov\u00e1n\u00ed ji\u017e v\u00edce ne\u017e 30 let. Prost\u0159ednictv\u00edm jasn\u00e9ho zam\u011b\u0159en\u00ed na technick\u00e9 poradenstv\u00ed a slu\u017eby jsme vybudovali odborn\u00e9 a metodologick\u00e9 know-how, kter\u00e9 na\u0161i klienti velmi oce\u0148uj\u00ed.<\/p>\n<p>Jako st\u0159edn\u011b velk\u00e1 spole\u010dnost s plochou hierarchi\u00ed z\u016fst\u00e1v\u00e1me flexibiln\u00ed. To znamen\u00e1, \u017ee v p\u0159\u00edpad\u011b pot\u0159eby ud\u011bl\u00e1me pr\u00e1vo rychle a intuitivn\u011b.<\/p>\n<\/div><div class=\"fusion-sep-clear\"><\/div><div class=\"fusion-separator fusion-full-width-sep\" style=\"margin-left: auto;margin-right: auto;margin-top:0px;margin-bottom:30px;width:100%;\"><\/div><div class=\"fusion-sep-clear\"><\/div><div class=\"fusion-clearfix\"><\/div><\/div><\/div><div class=\"fusion-layout-column fusion_builder_column fusion-builder-column-3 fusion_builder_column_1_1 1_1 fusion-one-full fusion-column-first fusion-column-last fusion-animated\" style=\"--awb-bg-size:cover;\" data-animationType=\"fadeInUp\" data-animationDuration=\"0.5\" data-animationOffset=\"top-mid-of-view\"><div class=\"fusion-column-wrapper fusion-flex-column-wrapper-legacy\"><div class=\"fusion-title title fusion-title-2 fusion-sep-none fusion-title-text fusion-title-size-two\" style=\"--awb-margin-top:0px;--awb-margin-bottom:40px;--awb-margin-top-small:0px;--awb-margin-right-small:0px;--awb-margin-bottom-small:20px;--awb-margin-left-small:0px;\"><h2 class=\"fusion-title-heading title-heading-left fusion-responsive-typography-calculated\" style=\"margin:0;--fontSize:35;line-height:1.29;\">Jak pracujeme?<\/h2><\/div><div class=\"fusion-text fusion-text-3\"><p>Na\u0161e podnikov\u00e1 kultura je hodnotov\u011b orientovan\u00e1 a vych\u00e1z\u00ed z \u00factyhodn\u00fdch a spravedliv\u00fdch jedn\u00e1n\u00ed a vz\u00e1jemn\u00e9 d\u016fv\u011bry. P\u0159ikl\u00e1d\u00e1me v\u0161ak velkou d\u016fle\u017eitost odpov\u011bdnosti, discipl\u00edny a spolehlivosti, jako\u017e i profesion\u00e1ln\u00edho \u0159e\u0161en\u00ed konflikt\u016f. N\u00e1\u0161 pocit odpov\u011bdnosti za velk\u00fd obr\u00e1zek &#8211; spokojenost z\u00e1kazn\u00edk\u016f, zam\u011bstnanc\u016f, partner\u016f a dodavatel\u016f &#8211; je mimo z\u00e1jmy jednotlivc\u016f nebo jednotliv\u00fdch skupin.<\/p>\n<p>Jako partner v automobilov\u00e9m pr\u016fmyslu p\u016fsob\u00edme v mezin\u00e1rodn\u00edch hodnotov\u00fdch \u0159et\u011bzc\u00edch a obchodn\u00edch vztaz\u00edch. To vy\u017eaduje silnou spolupr\u00e1ci, vysok\u00fd stupe\u0148 kvalitativn\u00ed komunikace a pozornost v\u011bnovanou kulturn\u00edm rozd\u00edl\u016fm. \u0158e\u0161\u00edme nejen probl\u00e9my s odborn\u00fdmi znalostmi, ale tak\u00e9 znalostmi kultur, ve kter\u00fdch pracujeme.<\/p>\n<p>Jsme v\u0161ichni znalostn\u00ed pracovn\u00edci. Jsme nej\u00fa\u010dinn\u011bj\u0161\u00ed, kdy\u017e jsme bez psychick\u00e9ho stresu nebo stresu. Slad\u011bn\u00ed pr\u00e1ce a rodiny je proto pro n\u00e1s stejn\u011b d\u016fle\u017eit\u00e9 jako zapojen\u00ed na\u0161ich zam\u011bstnanc\u016f do rozhodov\u00e1n\u00ed. Na\u0161e pracovn\u00ed atmosf\u00e9ra je zn\u00e1m\u00e1 a p\u0159\u00e1telsk\u00e1. Podporujeme se navz\u00e1jem, a to nejen v ka\u017edodenn\u00edch operac\u00edch. D\u00e1le se zam\u011b\u0159ujeme na \u0161kolen\u00ed a rozvoj na\u0161ich zam\u011bstnanc\u016f individu\u00e1ln\u011b a pr\u016fb\u011b\u017en\u011b. Pro n\u00e1s je to nejen technick\u00e1 s\u00edla, ale tak\u00e9 osobnost jednotlivce. Tyto komponenty zaji\u0161\u0165uj\u00ed kvalitu na\u0161\u00ed pr\u00e1ce, firemn\u00ed \u00fasp\u011bch a zaji\u0161\u0165uj\u00ed na\u0161i nez\u00e1vislost i stabiln\u00ed pracovn\u00ed m\u00edsta.<\/p>\n<p>Jako spole\u010dnost jsme poskytovatel\u00e9 slu\u017eeb pro na\u0161e z\u00e1kazn\u00edky, na\u0161e partnery a na\u0161e zam\u011bstnance, kte\u0159\u00ed jsou v centru na\u0161ich akc\u00ed.<\/p>\n<\/div><div class=\"fusion-clearfix\"><\/div><\/div><\/div><\/div><\/div><div class=\"fusion-fullwidth fullwidth-box fusion-builder-row-3 fusion-parallax-fixed nonhundred-percent-fullwidth non-hundred-percent-height-scrolling fusion-equal-height-columns\" style=\"--awb-background-position:center top;--awb-border-radius-top-left:0px;--awb-border-radius-top-right:0px;--awb-border-radius-bottom-right:0px;--awb-border-radius-bottom-left:0px;--awb-padding-top:100px;--awb-padding-bottom:100px;--awb-background-image:url(&quot;https:\/\/c-p-s.de\/wp-content\/uploads\/2018\/04\/c-p-s-background-parallax-standorte1.jpg&quot;);--awb-background-size:cover;--awb-flex-wrap:wrap;background-attachment:fixed;\" ><div class=\"fusion-builder-row fusion-row\"><div class=\"fusion-layout-column fusion_builder_column fusion-builder-column-4 fusion_builder_column_1_1 1_1 fusion-one-full fusion-column-first fusion-column-last fusion-column-no-min-height fusion-animated\" style=\"--awb-padding-right:5%;--awb-padding-left:5%;--awb-bg-size:cover;\" data-animationType=\"fadeInUp\" data-animationDuration=\"0.5\" data-animationOffset=\"bottom-in-view\"><div class=\"fusion-column-wrapper fusion-flex-column-wrapper-legacy\"><div class=\"fusion-text fusion-text-4\"><p style=\"text-align: center;\"><strong><span class=\"highlight teasersmall uppercase\">Jsme v bl\u00edzkosti z\u00e1kazn\u00edk\u016f<\/span><\/strong><\/p>\n<\/div><div class=\"fusion-sep-clear\"><\/div><div class=\"fusion-separator fusion-full-width-sep\" style=\"margin-left: auto;margin-right: auto;margin-top:0px;margin-bottom:30px;width:100%;\"><\/div><div class=\"fusion-sep-clear\"><\/div><div class=\"fusion-title title fusion-title-3 fusion-sep-none fusion-title-center fusion-title-text fusion-title-size-two\" style=\"--awb-margin-top:0px;--awb-margin-bottom:0px;--awb-margin-top-small:0px;--awb-margin-right-small:0px;--awb-margin-bottom-small:20px;--awb-margin-left-small:0px;\"><h2 class=\"fusion-title-heading title-heading-center fusion-responsive-typography-calculated\" style=\"margin:0;--fontSize:35;line-height:1.29;\"><span class=\"whitetxt\">Na\u0161e pobo\u010dky<\/span><\/h2><\/div><div class=\"fusion-sep-clear\"><\/div><div class=\"fusion-separator fusion-full-width-sep\" style=\"margin-left: auto;margin-right: auto;margin-top:0px;margin-bottom:10px;width:100%;\"><\/div><div class=\"fusion-sep-clear\"><\/div><div class=\"fusion-text fusion-text-5\"><p style=\"text-align: center;\"><span class=\"whitetxt\" style=\"font-size: 30px; line-height: 35px;\">V bezprost\u0159edn\u00ed bl\u00edzkosti na\u0161ich klient\u016f<\/span><\/p>\n<\/div><div class=\"fusion-sep-clear\"><\/div><div class=\"fusion-separator fusion-full-width-sep\" style=\"margin-left: auto;margin-right: auto;margin-top:0px;margin-bottom:30px;width:100%;\"><\/div><div class=\"fusion-sep-clear\"><\/div><div class=\"fusion-button-wrapper fusion-aligncenter\"><a class=\"fusion-button button-flat fusion-button-default-size button-default fusion-button-default button-1 fusion-button-default-span fusion-button-default-type\" target=\"_self\" href=\"https:\/\/c-p-s.de\/cs\/podnik\/pobocky\/\"><span class=\"fusion-button-text awb-button__text awb-button__text--default\">Pobo\u010dky<\/span><\/a><\/div><div class=\"fusion-clearfix\"><\/div><\/div><\/div><\/div><\/div><\/p>\n","protected":false},"excerpt":{"rendered":"","protected":false},"author":1,"featured_media":0,"parent":3682,"menu_order":0,"comment_status":"closed","ping_status":"closed","template":"100-width.php","meta":{"_acf_changed":false,"footnotes":""},"class_list":["post-3709","page","type-page","status-publish","hentry"],"acf":[],"yoast_head":"<!-- This site is optimized with the Yoast SEO plugin v27.4 - https:\/\/yoast.com\/product\/yoast-seo-wordpress\/ -->\n<title>O n\u00e1s | C-P-S Group<\/title>\n<meta name=\"description\" content=\"\u017dijeme hodnotov\u011b orientovanou firemn\u00ed kulturou zalo\u017eenou na \u00factyhodn\u00fdch a spravedliv\u00fdch jedn\u00e1n\u00edch. Oce\u0148ujeme p\u0159\u00ednos na\u0161ich koleg\u016f k na\u0161emu \u00fasp\u011bchu a t\u00edm k na\u0161\u00ed vize.\" \/>\n<meta name=\"robots\" content=\"index, follow, max-snippet:-1, max-image-preview:large, max-video-preview:-1\" \/>\n<link rel=\"canonical\" href=\"https:\/\/c-p-s.de\/cs\/podnik\/o-nas\/\" \/>\n<meta property=\"og:locale\" content=\"cs_CZ\" \/>\n<meta property=\"og:type\" content=\"article\" \/>\n<meta property=\"og:title\" content=\"O n\u00e1s | C-P-S Group\" \/>\n<meta property=\"og:description\" content=\"\u017dijeme hodnotov\u011b orientovanou firemn\u00ed kulturou zalo\u017eenou na \u00factyhodn\u00fdch a spravedliv\u00fdch jedn\u00e1n\u00edch. Oce\u0148ujeme p\u0159\u00ednos na\u0161ich koleg\u016f k na\u0161emu \u00fasp\u011bchu a t\u00edm k na\u0161\u00ed vize.\" \/>\n<meta property=\"og:url\" content=\"https:\/\/c-p-s.de\/cs\/podnik\/o-nas\/\" \/>\n<meta property=\"og:site_name\" content=\"C-P-S Group\" \/>\n<meta property=\"article:modified_time\" content=\"2018-10-18T09:26:54+00:00\" \/>\n<meta name=\"twitter:card\" content=\"summary_large_image\" \/>\n<script type=\"application\/ld+json\" class=\"yoast-schema-graph\">{\"@context\":\"https:\\\/\\\/schema.org\",\"@graph\":[{\"@type\":\"WebPage\",\"@id\":\"https:\\\/\\\/c-p-s.de\\\/cs\\\/podnik\\\/o-nas\\\/\",\"url\":\"https:\\\/\\\/c-p-s.de\\\/cs\\\/podnik\\\/o-nas\\\/\",\"name\":\"O n\u00e1s | C-P-S Group\",\"isPartOf\":{\"@id\":\"https:\\\/\\\/c-p-s.de\\\/cs\\\/#website\"},\"datePublished\":\"2018-04-11T16:57:43+00:00\",\"dateModified\":\"2018-10-18T09:26:54+00:00\",\"description\":\"\u017dijeme hodnotov\u011b orientovanou firemn\u00ed kulturou zalo\u017eenou na \u00factyhodn\u00fdch a spravedliv\u00fdch jedn\u00e1n\u00edch. Oce\u0148ujeme p\u0159\u00ednos na\u0161ich koleg\u016f k na\u0161emu \u00fasp\u011bchu a t\u00edm k na\u0161\u00ed vize.\",\"breadcrumb\":{\"@id\":\"https:\\\/\\\/c-p-s.de\\\/cs\\\/podnik\\\/o-nas\\\/#breadcrumb\"},\"inLanguage\":\"cs\",\"potentialAction\":[{\"@type\":\"ReadAction\",\"target\":[\"https:\\\/\\\/c-p-s.de\\\/cs\\\/podnik\\\/o-nas\\\/\"]}]},{\"@type\":\"BreadcrumbList\",\"@id\":\"https:\\\/\\\/c-p-s.de\\\/cs\\\/podnik\\\/o-nas\\\/#breadcrumb\",\"itemListElement\":[{\"@type\":\"ListItem\",\"position\":1,\"name\":\"Startseite\",\"item\":\"https:\\\/\\\/c-p-s.de\\\/cs\\\/\"},{\"@type\":\"ListItem\",\"position\":2,\"name\":\"Podnik\",\"item\":\"https:\\\/\\\/c-p-s.de\\\/cs\\\/unternehmen\\\/\"},{\"@type\":\"ListItem\",\"position\":3,\"name\":\"O n\u00e1s\"}]},{\"@type\":\"WebSite\",\"@id\":\"https:\\\/\\\/c-p-s.de\\\/cs\\\/#website\",\"url\":\"https:\\\/\\\/c-p-s.de\\\/cs\\\/\",\"name\":\"C-P-S Group\",\"description\":\"Consulting - Planning - Services\",\"publisher\":{\"@id\":\"https:\\\/\\\/c-p-s.de\\\/cs\\\/#organization\"},\"potentialAction\":[{\"@type\":\"SearchAction\",\"target\":{\"@type\":\"EntryPoint\",\"urlTemplate\":\"https:\\\/\\\/c-p-s.de\\\/cs\\\/?s={search_term_string}\"},\"query-input\":{\"@type\":\"PropertyValueSpecification\",\"valueRequired\":true,\"valueName\":\"search_term_string\"}}],\"inLanguage\":\"cs\"},{\"@type\":\"Organization\",\"@id\":\"https:\\\/\\\/c-p-s.de\\\/cs\\\/#organization\",\"name\":\"C-P-S Holding GmbH & Co. KG\",\"url\":\"https:\\\/\\\/c-p-s.de\\\/cs\\\/\",\"logo\":{\"@type\":\"ImageObject\",\"inLanguage\":\"cs\",\"@id\":\"https:\\\/\\\/c-p-s.de\\\/cs\\\/#\\\/schema\\\/logo\\\/image\\\/\",\"url\":\"https:\\\/\\\/c-p-s.de\\\/wp-content\\\/uploads\\\/2018\\\/04\\\/cps_group_logo.jpg\",\"contentUrl\":\"https:\\\/\\\/c-p-s.de\\\/wp-content\\\/uploads\\\/2018\\\/04\\\/cps_group_logo.jpg\",\"width\":235,\"height\":58,\"caption\":\"C-P-S Holding GmbH & Co. KG\"},\"image\":{\"@id\":\"https:\\\/\\\/c-p-s.de\\\/cs\\\/#\\\/schema\\\/logo\\\/image\\\/\"}}]}<\/script>\n<!-- \/ Yoast SEO plugin. -->","yoast_head_json":{"title":"O n\u00e1s | C-P-S Group","description":"\u017dijeme hodnotov\u011b orientovanou firemn\u00ed kulturou zalo\u017eenou na \u00factyhodn\u00fdch a spravedliv\u00fdch jedn\u00e1n\u00edch. Oce\u0148ujeme p\u0159\u00ednos na\u0161ich koleg\u016f k na\u0161emu \u00fasp\u011bchu a t\u00edm k na\u0161\u00ed vize.","robots":{"index":"index","follow":"follow","max-snippet":"max-snippet:-1","max-image-preview":"max-image-preview:large","max-video-preview":"max-video-preview:-1"},"canonical":"https:\/\/c-p-s.de\/cs\/podnik\/o-nas\/","og_locale":"cs_CZ","og_type":"article","og_title":"O n\u00e1s | C-P-S Group","og_description":"\u017dijeme hodnotov\u011b orientovanou firemn\u00ed kulturou zalo\u017eenou na \u00factyhodn\u00fdch a spravedliv\u00fdch jedn\u00e1n\u00edch. Oce\u0148ujeme p\u0159\u00ednos na\u0161ich koleg\u016f k na\u0161emu \u00fasp\u011bchu a t\u00edm k na\u0161\u00ed vize.","og_url":"https:\/\/c-p-s.de\/cs\/podnik\/o-nas\/","og_site_name":"C-P-S Group","article_modified_time":"2018-10-18T09:26:54+00:00","twitter_card":"summary_large_image","schema":{"@context":"https:\/\/schema.org","@graph":[{"@type":"WebPage","@id":"https:\/\/c-p-s.de\/cs\/podnik\/o-nas\/","url":"https:\/\/c-p-s.de\/cs\/podnik\/o-nas\/","name":"O n\u00e1s | C-P-S Group","isPartOf":{"@id":"https:\/\/c-p-s.de\/cs\/#website"},"datePublished":"2018-04-11T16:57:43+00:00","dateModified":"2018-10-18T09:26:54+00:00","description":"\u017dijeme hodnotov\u011b orientovanou firemn\u00ed kulturou zalo\u017eenou na \u00factyhodn\u00fdch a spravedliv\u00fdch jedn\u00e1n\u00edch. Oce\u0148ujeme p\u0159\u00ednos na\u0161ich koleg\u016f k na\u0161emu \u00fasp\u011bchu a t\u00edm k na\u0161\u00ed vize.","breadcrumb":{"@id":"https:\/\/c-p-s.de\/cs\/podnik\/o-nas\/#breadcrumb"},"inLanguage":"cs","potentialAction":[{"@type":"ReadAction","target":["https:\/\/c-p-s.de\/cs\/podnik\/o-nas\/"]}]},{"@type":"BreadcrumbList","@id":"https:\/\/c-p-s.de\/cs\/podnik\/o-nas\/#breadcrumb","itemListElement":[{"@type":"ListItem","position":1,"name":"Startseite","item":"https:\/\/c-p-s.de\/cs\/"},{"@type":"ListItem","position":2,"name":"Podnik","item":"https:\/\/c-p-s.de\/cs\/unternehmen\/"},{"@type":"ListItem","position":3,"name":"O n\u00e1s"}]},{"@type":"WebSite","@id":"https:\/\/c-p-s.de\/cs\/#website","url":"https:\/\/c-p-s.de\/cs\/","name":"C-P-S Group","description":"Consulting - Planning - Services","publisher":{"@id":"https:\/\/c-p-s.de\/cs\/#organization"},"potentialAction":[{"@type":"SearchAction","target":{"@type":"EntryPoint","urlTemplate":"https:\/\/c-p-s.de\/cs\/?s={search_term_string}"},"query-input":{"@type":"PropertyValueSpecification","valueRequired":true,"valueName":"search_term_string"}}],"inLanguage":"cs"},{"@type":"Organization","@id":"https:\/\/c-p-s.de\/cs\/#organization","name":"C-P-S Holding GmbH & Co. KG","url":"https:\/\/c-p-s.de\/cs\/","logo":{"@type":"ImageObject","inLanguage":"cs","@id":"https:\/\/c-p-s.de\/cs\/#\/schema\/logo\/image\/","url":"https:\/\/c-p-s.de\/wp-content\/uploads\/2018\/04\/cps_group_logo.jpg","contentUrl":"https:\/\/c-p-s.de\/wp-content\/uploads\/2018\/04\/cps_group_logo.jpg","width":235,"height":58,"caption":"C-P-S Holding GmbH & Co. KG"},"image":{"@id":"https:\/\/c-p-s.de\/cs\/#\/schema\/logo\/image\/"}}]}},"_links":{"self":[{"href":"https:\/\/c-p-s.de\/cs\/wp-json\/wp\/v2\/pages\/3709","targetHints":{"allow":["GET"]}}],"collection":[{"href":"https:\/\/c-p-s.de\/cs\/wp-json\/wp\/v2\/pages"}],"about":[{"href":"https:\/\/c-p-s.de\/cs\/wp-json\/wp\/v2\/types\/page"}],"author":[{"embeddable":true,"href":"https:\/\/c-p-s.de\/cs\/wp-json\/wp\/v2\/users\/1"}],"replies":[{"embeddable":true,"href":"https:\/\/c-p-s.de\/cs\/wp-json\/wp\/v2\/comments?post=3709"}],"version-history":[{"count":0,"href":"https:\/\/c-p-s.de\/cs\/wp-json\/wp\/v2\/pages\/3709\/revisions"}],"up":[{"embeddable":true,"href":"https:\/\/c-p-s.de\/cs\/wp-json\/wp\/v2\/pages\/3682"}],"wp:attachment":[{"href":"https:\/\/c-p-s.de\/cs\/wp-json\/wp\/v2\/media?parent=3709"}],"curies":[{"name":"wp","href":"https:\/\/api.w.org\/{rel}","templated":true}]}}